{"id":46800,"date":"2023-12-12T10:52:58","date_gmt":"2023-12-12T09:52:58","guid":{"rendered":"https:\/\/pet-shopping.de\/shop\/produkt\/karlie-flamingo-grasnest-iglu-zum-haengen-oder-legen\/"},"modified":"2023-12-12T10:52:58","modified_gmt":"2023-12-12T09:52:58","slug":"karlie-flamingo-grasnest-iglu-zum-haengen-oder-legen","status":"publish","type":"product","link":"https:\/\/all-pets.de\/shop\/produkt\/karlie-flamingo-grasnest-iglu-zum-haengen-oder-legen\/","title":{"rendered":"Karlie Flamingo Grasnest Iglu zum H\u00e4ngen oder Legen"},"content":{"rendered":"<p>Dieses Grasnest in Form eines Iglus eignet sich ideal als Schlafhaus oder als Spielzeug zum Bef\u00fcllen mit Heu, Kr\u00e4utern oder anderen Snacks. Das Nest ist mit einem Seil und einem Haken aus Holz versehen, so dass es entweder ins K\u00e4figgitter eingehangen oder einfach auf den K\u00e4figboden gelegt werden kann. Das Grasnest ist 100 % nat\u00fcrlich und verdaulich.<\/p>\n<p>Ma\u00dfe: ca. 12 x 10 x 12 cm (LxBxH)<\/p>\n","protected":false},"excerpt":{"rendered":"<p>Dieses Grasnest in Form eines Iglus eignet sich ideal als Schlafhaus oder als Spielzeug zum Bef\u00fcllen mit Heu, Kr\u00e4utern oder anderen Snacks. Das Nest ist mit einem Seil und einem Haken aus Holz versehen, so dass es entweder ins K\u00e4figgitter eingehangen oder einfach auf den K\u00e4figboden gelegt werden kann. Das Grasnest ist 100 % nat\u00fcrlich [&hellip;]<\/p>\n","protected":false},"featured_media":17753,"comment_status":"closed","ping_status":"open","template":"","meta":[],"product_cat":[14588],"product_tag":[],"class_list":{"0":"post-46800","1":"product","2":"type-product","3":"status-publish","4":"has-post-thumbnail","6":"product_cat-futterhalter-spender-ausstattung-zubehoer-grasnester-grashaeuserkleintierwelt","8":"first","9":"instock","10":"taxable","11":"shipping-taxable","12":"purchasable","13":"product-type-simple"},"_links":{"self":[{"href":"https:\/\/all-pets.de\/shop\/wp-json\/wp\/v2\/product\/46800","targetHints":{"allow":["GET"]}}],"collection":[{"href":"https:\/\/all-pets.de\/shop\/wp-json\/wp\/v2\/product"}],"about":[{"href":"https:\/\/all-pets.de\/shop\/wp-json\/wp\/v2\/types\/product"}],"replies":[{"embeddable":true,"href":"https:\/\/all-pets.de\/shop\/wp-json\/wp\/v2\/comments?post=46800"}],"wp:featuredmedia":[{"embeddable":true,"href":"https:\/\/all-pets.de\/shop\/wp-json\/wp\/v2\/media\/17753"}],"wp:attachment":[{"href":"https:\/\/all-pets.de\/shop\/wp-json\/wp\/v2\/media?parent=46800"}],"wp:term":[{"taxonomy":"product_cat","embeddable":true,"href":"https:\/\/all-pets.de\/shop\/wp-json\/wp\/v2\/product_cat?post=46800"},{"taxonomy":"product_tag","embeddable":true,"href":"https:\/\/all-pets.de\/shop\/wp-json\/wp\/v2\/product_tag?post=46800"}],"curies":[{"name":"wp","href":"https:\/\/api.w.org\/{rel}","templated":true}]}}