{"id":46801,"date":"2023-12-12T10:52:58","date_gmt":"2023-12-12T09:52:58","guid":{"rendered":"https:\/\/pet-shopping.de\/shop\/produkt\/trixie-licknsnack-matte-stern\/"},"modified":"2023-12-12T10:52:58","modified_gmt":"2023-12-12T09:52:58","slug":"trixie-licknsnack-matte-stern","status":"publish","type":"product","link":"https:\/\/all-pets.de\/shop\/produkt\/trixie-licknsnack-matte-stern\/","title":{"rendered":"Trixie Lick\u2019n&#8217;Snack Matte Stern"},"content":{"rendered":"<div class=\"mb-3 row\">\n<div class=\"col\">\n<ul>\n<li>\n<ul>\n<ul>\n<li>Schlecken beruhigt und sorgt f\u00fcr Ruhephasen<\/li>\n<li>geringe Aufnahmemenge von Snacks bei langer Besch\u00e4ftigungsdauer<\/li>\n<li>mit z. B. Pasten, Nassfutter oder Molkereiprodukten zu bestreichen<\/li>\n<li>f\u00fcr den Frischekick mit Snacks bef\u00fcllen und einfrieren<\/li>\n<li>Rand f\u00e4ngt Fl\u00fcssigkeiten auf<\/li>\n<li>rutschfest<\/li>\n<li>Silikon<\/li>\n<li>sp\u00fclmaschinenfest<\/li>\n<li>Farbe: gelb<\/li>\n<li>Gr\u00f6\u00dfe: ca. 23,5 cm<\/li>\n<\/ul>\n<\/ul>\n<\/li>\n<\/ul>\n<\/div>\n<\/div>\n","protected":false},"excerpt":{"rendered":"<p>Schlecken beruhigt und sorgt f\u00fcr Ruhephasen geringe Aufnahmemenge von Snacks bei langer Besch\u00e4ftigungsdauer mit z. B. Pasten, Nassfutter oder Molkereiprodukten zu bestreichen f\u00fcr den Frischekick mit Snacks bef\u00fcllen und einfrieren Rand f\u00e4ngt Fl\u00fcssigkeiten auf rutschfest Silikon sp\u00fclmaschinenfest Farbe: gelb Gr\u00f6\u00dfe: ca. 23,5 cm<\/p>\n","protected":false},"featured_media":46802,"comment_status":"closed","ping_status":"open","template":"","meta":[],"product_cat":[13793],"product_tag":[],"class_list":{"0":"post-46801","1":"product","2":"type-product","3":"status-publish","4":"has-post-thumbnail","6":"product_cat-intelligenz","8":"first","9":"instock","10":"taxable","11":"shipping-taxable","12":"purchasable","13":"product-type-simple"},"_links":{"self":[{"href":"https:\/\/all-pets.de\/shop\/wp-json\/wp\/v2\/product\/46801","targetHints":{"allow":["GET"]}}],"collection":[{"href":"https:\/\/all-pets.de\/shop\/wp-json\/wp\/v2\/product"}],"about":[{"href":"https:\/\/all-pets.de\/shop\/wp-json\/wp\/v2\/types\/product"}],"replies":[{"embeddable":true,"href":"https:\/\/all-pets.de\/shop\/wp-json\/wp\/v2\/comments?post=46801"}],"wp:featuredmedia":[{"embeddable":true,"href":"https:\/\/all-pets.de\/shop\/wp-json\/wp\/v2\/media\/46802"}],"wp:attachment":[{"href":"https:\/\/all-pets.de\/shop\/wp-json\/wp\/v2\/media?parent=46801"}],"wp:term":[{"taxonomy":"product_cat","embeddable":true,"href":"https:\/\/all-pets.de\/shop\/wp-json\/wp\/v2\/product_cat?post=46801"},{"taxonomy":"product_tag","embeddable":true,"href":"https:\/\/all-pets.de\/shop\/wp-json\/wp\/v2\/product_tag?post=46801"}],"curies":[{"name":"wp","href":"https:\/\/api.w.org\/{rel}","templated":true}]}}