{"id":46806,"date":"2023-12-12T10:52:58","date_gmt":"2023-12-12T09:52:58","guid":{"rendered":"https:\/\/pet-shopping.de\/shop\/produkt\/karlie-x-wash-spezialwaschmittel-500ml\/"},"modified":"2023-12-12T10:52:59","modified_gmt":"2023-12-12T09:52:59","slug":"karlie-x-wash-spezialwaschmittel-500ml","status":"publish","type":"product","link":"https:\/\/all-pets.de\/shop\/produkt\/karlie-x-wash-spezialwaschmittel-500ml\/","title":{"rendered":"Karlie X-Wash Spezialwaschmittel &#8211; 500ml"},"content":{"rendered":"<p>Das Karlie X-Wash Spezialwaschmittel f\u00fcr Tiertextilien ist speziell auf die Bed\u00fcrfnisse der Haustiere abgestimmt. Eine hautfreundliche Kombination von Tensiden und Wasch-Hilfsstoffen entfernt Flecken aller Art. Es ist sehr wirksam gegen Urin, Erbrochenes und selbst hartn\u00e4ckige Flecken wie Blut. Schon bei niedrigen Waschtemperaturen (ab 30\u00b0C) werden die Textilien hygienisch sauber. Zudem bewirkt eine speziell auf die Nasen von Hunden und Katzen abgestimmte Parf\u00fcmierung f\u00fcr eine angenehme Frische auch bei stark geruchsbelasteter W\u00e4sche. Intensive Tierger\u00fcche k\u00f6nnen mit X-Wash effektiv beseitigt werden. Dieses Spezialwaschmittel f\u00fcr Tiertextilien reinigt mit Colorschutz, damit bleiben die Farben frisch und der Stoff wird hautsympathisch gepflegt.<\/p>\n<p>Inhalt: 500 ml<\/p>\n","protected":false},"excerpt":{"rendered":"<p>Das Karlie X-Wash Spezialwaschmittel f\u00fcr Tiertextilien ist speziell auf die Bed\u00fcrfnisse der Haustiere abgestimmt. Eine hautfreundliche Kombination von Tensiden und Wasch-Hilfsstoffen entfernt Flecken aller Art. Es ist sehr wirksam gegen Urin, Erbrochenes und selbst hartn\u00e4ckige Flecken wie Blut. Schon bei niedrigen Waschtemperaturen (ab 30\u00b0C) werden die Textilien hygienisch sauber. Zudem bewirkt eine speziell auf die [&hellip;]<\/p>\n","protected":false},"featured_media":35263,"comment_status":"closed","ping_status":"open","template":"","meta":[],"product_cat":[14590],"product_tag":[],"class_list":{"0":"post-46806","1":"product","2":"type-product","3":"status-publish","4":"has-post-thumbnail","6":"product_cat-nuetzliche-helfer-haus-hof-reinigen-trocknenhundewelt-pflege-gesundheit-reinigen-trocknenkatzenwelt-fellpflege-pflege-gesundheit-hundewelt","8":"first","9":"instock","10":"taxable","11":"shipping-taxable","12":"purchasable","13":"product-type-simple"},"_links":{"self":[{"href":"https:\/\/all-pets.de\/shop\/wp-json\/wp\/v2\/product\/46806","targetHints":{"allow":["GET"]}}],"collection":[{"href":"https:\/\/all-pets.de\/shop\/wp-json\/wp\/v2\/product"}],"about":[{"href":"https:\/\/all-pets.de\/shop\/wp-json\/wp\/v2\/types\/product"}],"replies":[{"embeddable":true,"href":"https:\/\/all-pets.de\/shop\/wp-json\/wp\/v2\/comments?post=46806"}],"wp:featuredmedia":[{"embeddable":true,"href":"https:\/\/all-pets.de\/shop\/wp-json\/wp\/v2\/media\/35263"}],"wp:attachment":[{"href":"https:\/\/all-pets.de\/shop\/wp-json\/wp\/v2\/media?parent=46806"}],"wp:term":[{"taxonomy":"product_cat","embeddable":true,"href":"https:\/\/all-pets.de\/shop\/wp-json\/wp\/v2\/product_cat?post=46806"},{"taxonomy":"product_tag","embeddable":true,"href":"https:\/\/all-pets.de\/shop\/wp-json\/wp\/v2\/product_tag?post=46806"}],"curies":[{"name":"wp","href":"https:\/\/api.w.org\/{rel}","templated":true}]}}