{"id":46822,"date":"2023-12-12T10:53:01","date_gmt":"2023-12-12T09:53:01","guid":{"rendered":"https:\/\/pet-shopping.de\/shop\/produkt\/gimcat-crunchy-snacks-ente-mit-katzenminze-50-g\/"},"modified":"2023-12-12T10:53:01","modified_gmt":"2023-12-12T09:53:01","slug":"gimcat-crunchy-snacks-ente-mit-katzenminze-50-g","status":"publish","type":"product","link":"https:\/\/all-pets.de\/shop\/produkt\/gimcat-crunchy-snacks-ente-mit-katzenminze-50-g\/","title":{"rendered":"GimCat Crunchy Snacks Ente mit Katzenminze 50 g"},"content":{"rendered":"<div class=\"entry-body\">\n<p>Du suchst nach einer leckeren Abwechslung f\u00fcr deine Katze? Einem Snack, der ihr gut schmeckt? Dann haben wir genau das richtige f\u00fcr Dich und deine Samtpfote. Unsere Crunchy Snacks bieten eine besondere Kombination aus der wertvollen Proteinquelle Ente mit aromatischer Katzenminze, welche garantiert jeden Feinschmecker \u00fcberzeugt! Aber auch Dich wollen wir begeistern \u2013 mit einer Rezeptur ganz ohne Getreide sowie k\u00fcnstliche Farb- und Aromastoffe.<\/p>\n<\/div>\n<ul>\n<li>Made in EU<\/li>\n<li>Ohne Zuckerzusatz<\/li>\n<li>Proteinreich<\/li>\n<li>Getreidefrei<\/li>\n<li>Ohne k\u00fcnstliche Farbstoffe<\/li>\n<\/ul>\n<div>Zusammensetzung: <\/p>\n<div class=\"accordion-content ui-accordion-content ui-helper-reset ui-widget-content ui-corner-bottom ui-accordion-content-active\" role=\"tabpanel\" style=\"display: block\" id=\"ui-id-4\" aria-labelledby=\"ui-id-3\" aria-hidden=\"false\">\n<p>Fleisch und tierische Nebenerzeugnisse (Entenprotein 38,8%), Gem\u00fcse, Pflanzliche Nebenerzeugnisse, \u00d6le und Fette, Katzenminze, getrocknet 1,0%.<\/p>\n<\/div>\n<p class=\"accordion-content ui-accordion-content ui-helper-reset ui-widget-content ui-corner-bottom ui-accordion-content-active\" role=\"tabpanel\" style=\"display: block\" aria-labelledby=\"ui-id-3\" aria-hidden=\"false\">Analyse:<\/p>\n<table>\n<tbody>\n<tr>\n<th>Proteine<\/th>\n<td>31,0 %<\/td>\n<\/tr>\n<tr>\n<th>Fettgehalt<\/th>\n<td>15,0 %<\/td>\n<\/tr>\n<tr>\n<th>Rohasche<\/th>\n<td>7,0 %<\/td>\n<\/tr>\n<tr>\n<th>Rohfaser<\/th>\n<td>1,2 %<\/td>\n<\/tr>\n<tr>\n<th>Feuchtigkeit<\/th>\n<td>10,0 %<\/td>\n<\/tr>\n<\/tbody>\n<\/table>\n<p class=\"accordion-content ui-accordion-content ui-helper-reset ui-widget-content ui-corner-bottom ui-accordion-content-active\" role=\"tabpanel\" style=\"display: block\" aria-labelledby=\"ui-id-3\" aria-hidden=\"false\">F\u00fctterungsempfehlung:<\/p>\n<div class=\"accordion-content ui-accordion-content ui-helper-reset ui-widget-content ui-corner-bottom ui-accordion-content-active\" role=\"tabpanel\" style=\"display: block\" id=\"ui-id-2\" aria-labelledby=\"ui-id-1\" aria-hidden=\"false\">\n<p>T\u00e4gliche folgende Mengen abh\u00e4ngig vom K\u00f6rpergewicht verf\u00fcttern: K\u00f6rpergewicht 1-2 kg: 10 St\u00fcck K\u00f6rpergewicht 3-4 kg: 15 St\u00fcck K\u00f6rpergewicht 4-6 kg: 18 St\u00fcck K\u00f6rpergewicht > 6 kg: 20 St\u00fcck Dieses Produkt ersetzt keine ausgewogene Ern\u00e4hrung. Bitte stellen Sie Ihrer Katze immer frisches Trinkwasser zur Verf\u00fcgung.<\/p>\n<\/div>\n<p class=\"accordion-content ui-accordion-content ui-helper-reset ui-widget-content ui-corner-bottom ui-accordion-content-active\" role=\"tabpanel\" style=\"display: block\" aria-labelledby=\"ui-id-3\" aria-hidden=\"false\">\u00a0<\/p>\n<\/div>\n","protected":false},"excerpt":{"rendered":"<p>Du suchst nach einer leckeren Abwechslung f\u00fcr deine Katze? Einem Snack, der ihr gut schmeckt? Dann haben wir genau das richtige f\u00fcr Dich und deine Samtpfote. Unsere Crunchy Snacks bieten eine besondere Kombination aus der wertvollen Proteinquelle Ente mit aromatischer Katzenminze, welche garantiert jeden Feinschmecker \u00fcberzeugt! Aber auch Dich wollen wir begeistern \u2013 mit einer [&hellip;]<\/p>\n","protected":false},"featured_media":580,"comment_status":"closed","ping_status":"open","template":"","meta":[],"product_cat":[13785],"product_tag":[],"class_list":{"0":"post-46822","1":"product","2":"type-product","3":"status-publish","4":"has-post-thumbnail","6":"product_cat-gimcat","8":"first","9":"instock","10":"taxable","11":"shipping-taxable","12":"purchasable","13":"product-type-simple"},"_links":{"self":[{"href":"https:\/\/all-pets.de\/shop\/wp-json\/wp\/v2\/product\/46822","targetHints":{"allow":["GET"]}}],"collection":[{"href":"https:\/\/all-pets.de\/shop\/wp-json\/wp\/v2\/product"}],"about":[{"href":"https:\/\/all-pets.de\/shop\/wp-json\/wp\/v2\/types\/product"}],"replies":[{"embeddable":true,"href":"https:\/\/all-pets.de\/shop\/wp-json\/wp\/v2\/comments?post=46822"}],"wp:featuredmedia":[{"embeddable":true,"href":"https:\/\/all-pets.de\/shop\/wp-json\/wp\/v2\/media\/580"}],"wp:attachment":[{"href":"https:\/\/all-pets.de\/shop\/wp-json\/wp\/v2\/media?parent=46822"}],"wp:term":[{"taxonomy":"product_cat","embeddable":true,"href":"https:\/\/all-pets.de\/shop\/wp-json\/wp\/v2\/product_cat?post=46822"},{"taxonomy":"product_tag","embeddable":true,"href":"https:\/\/all-pets.de\/shop\/wp-json\/wp\/v2\/product_tag?post=46822"}],"curies":[{"name":"wp","href":"https:\/\/api.w.org\/{rel}","templated":true}]}}