{"id":46823,"date":"2023-12-12T10:53:01","date_gmt":"2023-12-12T09:53:01","guid":{"rendered":"https:\/\/pet-shopping.de\/shop\/produkt\/karlie-buffalo-ultra-2-0-halsband-hellgruen-30cm\/"},"modified":"2023-12-12T10:53:01","modified_gmt":"2023-12-12T09:53:01","slug":"karlie-buffalo-ultra-2-0-halsband-hellgruen-30cm","status":"publish","type":"product","link":"https:\/\/all-pets.de\/shop\/produkt\/karlie-buffalo-ultra-2-0-halsband-hellgruen-30cm\/","title":{"rendered":"Karlie Buffalo Ultra 2.0 Halsband &#8211; Hellgr\u00fcn, 30cm"},"content":{"rendered":"<div class=\"tab-content\">\n<div id=\"description\" class=\"tab-pane active\" itemprop=\"description\">\n<p>Die Buffalo Ultra 2.0 Halsb\u00e4nder bestehen aus wasserabweisendem B\u00fcffelleder. Zum Verstellen der Weite sind sie mit einer Schnalle und L\u00f6chern mit Metalleins\u00e4tzen versehen, zum einfachen An- und Ablegen nutzen Sie die praktische Quick-Release-Schnalle.<\/p>\n<p>Das frische Design l\u00e4sst das Halsband sowohl edel als auch sportlich wirken.<\/p>\n<p>Farbe: Hellgr\u00fcn<\/p>\n<\/div>\n<\/div>\n","protected":false},"excerpt":{"rendered":"<p>Die Buffalo Ultra 2.0 Halsb\u00e4nder bestehen aus wasserabweisendem B\u00fcffelleder. Zum Verstellen der Weite sind sie mit einer Schnalle und L\u00f6chern mit Metalleins\u00e4tzen versehen, zum einfachen An- und Ablegen nutzen Sie die praktische Quick-Release-Schnalle. Das frische Design l\u00e4sst das Halsband sowohl edel als auch sportlich wirken. Farbe: Hellgr\u00fcn<\/p>\n","protected":false},"featured_media":46824,"comment_status":"closed","ping_status":"open","template":"","meta":[],"product_cat":[13790],"product_tag":[],"class_list":{"0":"post-46823","1":"product","2":"type-product","3":"status-publish","4":"has-post-thumbnail","6":"product_cat-lederhalsbaender","8":"first","9":"instock","10":"taxable","11":"shipping-taxable","12":"purchasable","13":"product-type-simple"},"_links":{"self":[{"href":"https:\/\/all-pets.de\/shop\/wp-json\/wp\/v2\/product\/46823","targetHints":{"allow":["GET"]}}],"collection":[{"href":"https:\/\/all-pets.de\/shop\/wp-json\/wp\/v2\/product"}],"about":[{"href":"https:\/\/all-pets.de\/shop\/wp-json\/wp\/v2\/types\/product"}],"replies":[{"embeddable":true,"href":"https:\/\/all-pets.de\/shop\/wp-json\/wp\/v2\/comments?post=46823"}],"wp:featuredmedia":[{"embeddable":true,"href":"https:\/\/all-pets.de\/shop\/wp-json\/wp\/v2\/media\/46824"}],"wp:attachment":[{"href":"https:\/\/all-pets.de\/shop\/wp-json\/wp\/v2\/media?parent=46823"}],"wp:term":[{"taxonomy":"product_cat","embeddable":true,"href":"https:\/\/all-pets.de\/shop\/wp-json\/wp\/v2\/product_cat?post=46823"},{"taxonomy":"product_tag","embeddable":true,"href":"https:\/\/all-pets.de\/shop\/wp-json\/wp\/v2\/product_tag?post=46823"}],"curies":[{"name":"wp","href":"https:\/\/api.w.org\/{rel}","templated":true}]}}