{"id":46826,"date":"2023-12-12T10:53:01","date_gmt":"2023-12-12T09:53:01","guid":{"rendered":"https:\/\/pet-shopping.de\/shop\/produkt\/jr-farm-brennessel-ernte-40g\/"},"modified":"2023-12-12T10:53:02","modified_gmt":"2023-12-12T09:53:02","slug":"jr-farm-brennessel-ernte-40g","status":"publish","type":"product","link":"https:\/\/all-pets.de\/shop\/produkt\/jr-farm-brennessel-ernte-40g\/","title":{"rendered":"JR Farm Brennessel-Ernte 40g"},"content":{"rendered":"<p><span class=\"entry--content\">Ein Nagerleben wie in freier Natur mit gesunden Kr\u00e4utern und Gr\u00e4sern in ihrer urspr\u00fcnglichsten Form. <\/span><\/p>\n","protected":false},"excerpt":{"rendered":"<p>Ein Nagerleben wie in freier Natur mit gesunden Kr\u00e4utern und Gr\u00e4sern in ihrer urspr\u00fcnglichsten Form.<\/p>\n","protected":false},"featured_media":281,"comment_status":"closed","ping_status":"open","template":"","meta":[],"product_cat":[13830],"product_tag":[],"class_list":{"0":"post-46826","1":"product","2":"type-product","3":"status-publish","4":"has-post-thumbnail","6":"product_cat-meerschweinchen","8":"first","9":"instock","10":"taxable","11":"shipping-taxable","12":"purchasable","13":"product-type-simple"},"_links":{"self":[{"href":"https:\/\/all-pets.de\/shop\/wp-json\/wp\/v2\/product\/46826","targetHints":{"allow":["GET"]}}],"collection":[{"href":"https:\/\/all-pets.de\/shop\/wp-json\/wp\/v2\/product"}],"about":[{"href":"https:\/\/all-pets.de\/shop\/wp-json\/wp\/v2\/types\/product"}],"replies":[{"embeddable":true,"href":"https:\/\/all-pets.de\/shop\/wp-json\/wp\/v2\/comments?post=46826"}],"wp:featuredmedia":[{"embeddable":true,"href":"https:\/\/all-pets.de\/shop\/wp-json\/wp\/v2\/media\/281"}],"wp:attachment":[{"href":"https:\/\/all-pets.de\/shop\/wp-json\/wp\/v2\/media?parent=46826"}],"wp:term":[{"taxonomy":"product_cat","embeddable":true,"href":"https:\/\/all-pets.de\/shop\/wp-json\/wp\/v2\/product_cat?post=46826"},{"taxonomy":"product_tag","embeddable":true,"href":"https:\/\/all-pets.de\/shop\/wp-json\/wp\/v2\/product_tag?post=46826"}],"curies":[{"name":"wp","href":"https:\/\/api.w.org\/{rel}","templated":true}]}}