{"id":46827,"date":"2023-12-12T10:53:01","date_gmt":"2023-12-12T09:53:01","guid":{"rendered":"https:\/\/pet-shopping.de\/shop\/produkt\/karlie-flamingo-katzengarnitur-motiv-maus-schwarz\/"},"modified":"2023-12-12T10:53:02","modified_gmt":"2023-12-12T09:53:02","slug":"karlie-flamingo-katzengarnitur-motiv-maus-schwarz","status":"publish","type":"product","link":"https:\/\/all-pets.de\/shop\/produkt\/karlie-flamingo-katzengarnitur-motiv-maus-schwarz\/","title":{"rendered":"Karlie Flamingo Katzengarnitur Motiv Maus &#8211; Schwarz"},"content":{"rendered":"<p>Das stufenlos verstellbare Katzengeschirr ist mit Click-Verschl\u00fcssen ausgestattet und f\u00e4llt mit seinem niedlichen M\u00e4uschen-Design sofort ins Auge. <\/p>\n<p>Das Geschirr und die im Set enthaltene passende Leine bestehen aus stabilem Nylon mit einer Breite von ca. 1 cm. Die Leine hat eine L\u00e4nge von ca. 110 cm. Universalgr\u00f6\u00dfe.<\/p>\n<p>Farbe: Schwarz mit Motiv<\/p>\n","protected":false},"excerpt":{"rendered":"<p>Das stufenlos verstellbare Katzengeschirr ist mit Click-Verschl\u00fcssen ausgestattet und f\u00e4llt mit seinem niedlichen M\u00e4uschen-Design sofort ins Auge. Das Geschirr und die im Set enthaltene passende Leine bestehen aus stabilem Nylon mit einer Breite von ca. 1 cm. Die Leine hat eine L\u00e4nge von ca. 110 cm. Universalgr\u00f6\u00dfe. Farbe: Schwarz mit Motiv<\/p>\n","protected":false},"featured_media":35456,"comment_status":"closed","ping_status":"open","template":"","meta":[],"product_cat":[14234],"product_tag":[],"class_list":{"0":"post-46827","1":"product","2":"type-product","3":"status-publish","4":"has-post-thumbnail","6":"product_cat-geschirre","8":"first","9":"instock","10":"taxable","11":"shipping-taxable","12":"purchasable","13":"product-type-simple"},"_links":{"self":[{"href":"https:\/\/all-pets.de\/shop\/wp-json\/wp\/v2\/product\/46827","targetHints":{"allow":["GET"]}}],"collection":[{"href":"https:\/\/all-pets.de\/shop\/wp-json\/wp\/v2\/product"}],"about":[{"href":"https:\/\/all-pets.de\/shop\/wp-json\/wp\/v2\/types\/product"}],"replies":[{"embeddable":true,"href":"https:\/\/all-pets.de\/shop\/wp-json\/wp\/v2\/comments?post=46827"}],"wp:featuredmedia":[{"embeddable":true,"href":"https:\/\/all-pets.de\/shop\/wp-json\/wp\/v2\/media\/35456"}],"wp:attachment":[{"href":"https:\/\/all-pets.de\/shop\/wp-json\/wp\/v2\/media?parent=46827"}],"wp:term":[{"taxonomy":"product_cat","embeddable":true,"href":"https:\/\/all-pets.de\/shop\/wp-json\/wp\/v2\/product_cat?post=46827"},{"taxonomy":"product_tag","embeddable":true,"href":"https:\/\/all-pets.de\/shop\/wp-json\/wp\/v2\/product_tag?post=46827"}],"curies":[{"name":"wp","href":"https:\/\/api.w.org\/{rel}","templated":true}]}}