{"id":46831,"date":"2023-12-12T10:53:01","date_gmt":"2023-12-12T09:53:01","guid":{"rendered":"https:\/\/pet-shopping.de\/shop\/produkt\/trixie-xmas-plueschspielzeug-18-cm\/"},"modified":"2023-12-12T10:53:02","modified_gmt":"2023-12-12T09:53:02","slug":"trixie-xmas-plueschspielzeug-18-cm","status":"publish","type":"product","link":"https:\/\/all-pets.de\/shop\/produkt\/trixie-xmas-plueschspielzeug-18-cm\/","title":{"rendered":"Trixie Xmas Pl\u00fcschspielzeug &#8211; 18 cm"},"content":{"rendered":"<ul>\n<li> Pl\u00fcsch (Polyester) <\/li>\n<li> mit Stimme <\/li>\n<li>1 St\u00fcck <\/li>\n<li>Weihnachtsmann, Pinguin oder Schneemann (Eine Motivwahl ist leider nicht m\u00f6glich, da das Motiv je nach Lagerbestand gew\u00e4hlt wird.)  <\/li>\n<li>Gr\u00f6\u00dfe: ca. 18 cm <\/li>\n<\/ul>\n","protected":false},"excerpt":{"rendered":"<p>Pl\u00fcsch (Polyester) mit Stimme 1 St\u00fcck Weihnachtsmann, Pinguin oder Schneemann (Eine Motivwahl ist leider nicht m\u00f6glich, da das Motiv je nach Lagerbestand gew\u00e4hlt wird.) Gr\u00f6\u00dfe: ca. 18 cm<\/p>\n","protected":false},"featured_media":32257,"comment_status":"closed","ping_status":"open","template":"","meta":[],"product_cat":[13747],"product_tag":[],"class_list":{"0":"post-46831","1":"product","2":"type-product","3":"status-publish","4":"has-post-thumbnail","6":"product_cat-plueschspielzeug","8":"first","9":"instock","10":"taxable","11":"shipping-taxable","12":"purchasable","13":"product-type-simple"},"_links":{"self":[{"href":"https:\/\/all-pets.de\/shop\/wp-json\/wp\/v2\/product\/46831","targetHints":{"allow":["GET"]}}],"collection":[{"href":"https:\/\/all-pets.de\/shop\/wp-json\/wp\/v2\/product"}],"about":[{"href":"https:\/\/all-pets.de\/shop\/wp-json\/wp\/v2\/types\/product"}],"replies":[{"embeddable":true,"href":"https:\/\/all-pets.de\/shop\/wp-json\/wp\/v2\/comments?post=46831"}],"wp:featuredmedia":[{"embeddable":true,"href":"https:\/\/all-pets.de\/shop\/wp-json\/wp\/v2\/media\/32257"}],"wp:attachment":[{"href":"https:\/\/all-pets.de\/shop\/wp-json\/wp\/v2\/media?parent=46831"}],"wp:term":[{"taxonomy":"product_cat","embeddable":true,"href":"https:\/\/all-pets.de\/shop\/wp-json\/wp\/v2\/product_cat?post=46831"},{"taxonomy":"product_tag","embeddable":true,"href":"https:\/\/all-pets.de\/shop\/wp-json\/wp\/v2\/product_tag?post=46831"}],"curies":[{"name":"wp","href":"https:\/\/api.w.org\/{rel}","templated":true}]}}