{"id":46836,"date":"2023-12-12T10:53:01","date_gmt":"2023-12-12T09:53:01","guid":{"rendered":"https:\/\/pet-shopping.de\/shop\/produkt\/2glow-cracking-tracking-bone\/"},"modified":"2023-12-12T10:53:02","modified_gmt":"2023-12-12T09:53:02","slug":"2glow-cracking-tracking-bone","status":"publish","type":"product","link":"https:\/\/all-pets.de\/shop\/produkt\/2glow-cracking-tracking-bone\/","title":{"rendered":"2Glow Cracking &#038; tracking bone"},"content":{"rendered":"<p>Wird Ihr Hund auch traurig, wenn es dunkel wird und er nicht mehr drau\u00dfen spielen kann mit Ihnen? Das geh\u00f6rt der Vergangenheit an, ab jetzt ist es m\u00f6glich um auch im Dunkeln zu spielen. Dieses Spielzeug leuchtet im Dunkeln und deshalb kann das Spielen noch stundenlang andauern, eben im Dunkeln.<\/p>\n<p>Der 2Glow Cracking &#038; tracking bone ist sehr stabil, reinigt die Z\u00e4hne und massiert das Zahnfleisch.<\/p>\n<p>Gr\u00f6\u00dfe: ca. 13,5 x 5,6 x 4,2 cm<\/p>\n","protected":false},"excerpt":{"rendered":"<p>Wird Ihr Hund auch traurig, wenn es dunkel wird und er nicht mehr drau\u00dfen spielen kann mit Ihnen? Das geh\u00f6rt der Vergangenheit an, ab jetzt ist es m\u00f6glich um auch im Dunkeln zu spielen. Dieses Spielzeug leuchtet im Dunkeln und deshalb kann das Spielen noch stundenlang andauern, eben im Dunkeln. Der 2Glow Cracking &#038; tracking [&hellip;]<\/p>\n","protected":false},"featured_media":21927,"comment_status":"closed","ping_status":"open","template":"","meta":[],"product_cat":[14591],"product_tag":[],"class_list":{"0":"post-46836","1":"product","2":"type-product","3":"status-publish","4":"has-post-thumbnail","6":"product_cat-leuchtspielzeug","8":"first","9":"instock","10":"taxable","11":"shipping-taxable","12":"purchasable","13":"product-type-simple"},"_links":{"self":[{"href":"https:\/\/all-pets.de\/shop\/wp-json\/wp\/v2\/product\/46836","targetHints":{"allow":["GET"]}}],"collection":[{"href":"https:\/\/all-pets.de\/shop\/wp-json\/wp\/v2\/product"}],"about":[{"href":"https:\/\/all-pets.de\/shop\/wp-json\/wp\/v2\/types\/product"}],"replies":[{"embeddable":true,"href":"https:\/\/all-pets.de\/shop\/wp-json\/wp\/v2\/comments?post=46836"}],"wp:featuredmedia":[{"embeddable":true,"href":"https:\/\/all-pets.de\/shop\/wp-json\/wp\/v2\/media\/21927"}],"wp:attachment":[{"href":"https:\/\/all-pets.de\/shop\/wp-json\/wp\/v2\/media?parent=46836"}],"wp:term":[{"taxonomy":"product_cat","embeddable":true,"href":"https:\/\/all-pets.de\/shop\/wp-json\/wp\/v2\/product_cat?post=46836"},{"taxonomy":"product_tag","embeddable":true,"href":"https:\/\/all-pets.de\/shop\/wp-json\/wp\/v2\/product_tag?post=46836"}],"curies":[{"name":"wp","href":"https:\/\/api.w.org\/{rel}","templated":true}]}}