{"id":46837,"date":"2023-12-12T10:53:01","date_gmt":"2023-12-12T09:53:01","guid":{"rendered":"https:\/\/pet-shopping.de\/shop\/produkt\/trixie-senioren-kratzbaum-emil-braun\/"},"modified":"2023-12-12T10:53:03","modified_gmt":"2023-12-12T09:53:03","slug":"trixie-senioren-kratzbaum-emil-braun","status":"publish","type":"product","link":"https:\/\/all-pets.de\/shop\/produkt\/trixie-senioren-kratzbaum-emil-braun\/","title":{"rendered":"Trixie Senioren-Kratzbaum Emil &#8211; braun"},"content":{"rendered":"<ul>\n<li> besonders empfehlenswert f\u00fcr \u00e4ltere und k\u00f6rperlich beeintr\u00e4chtigte Tiere <\/li>\n<li> mit Pl\u00fcsch-Bezug (Polyester) <\/li>\n<li> St\u00e4mme mit Sisalteppich bezogen <\/li>\n<li> 4 gepolsterte Aufstiegshilfen mit Stickerei <\/li>\n<li> H\u00f6hle mit Pl\u00fcsch\/Fleece (Polyester) ausgestattet <\/li>\n<li> mit Sisalkratzfl\u00e4che <\/li>\n<li> gepolsterte Liegeplatten <\/li>\n<li> Liegeplatte mit abnehmbarem Kuschelbett <\/li>\n<li> 2 Vital Kissen mit viskoelastischem Schaum: Maschinenw\u00e4sche bis 30 \u00b0C\/Inlett: Handw\u00e4sche <\/li>\n<li> individuelle Anpassung an die K\u00f6rperform <\/li>\n<li> optimale Druckverteilung <\/li>\n<li> Liegefl\u00e4che kehrt stets in Ausgangsform zur\u00fcck (Memory-Effekt) <\/li>\n<li> mit Spielzeugen am Band <\/li>\n<li> Farbe: braun\/beige\/braun <\/li>\n<li>Grundfl\u00e4che: ca. 69 x 59 cm<\/li>\n<li>H\u00f6he: ca. 96 cm<\/li>\n<li>Stammdurchmesser: ca. 17 cm<\/li>\n<\/ul>\n","protected":false},"excerpt":{"rendered":"<p>besonders empfehlenswert f\u00fcr \u00e4ltere und k\u00f6rperlich beeintr\u00e4chtigte Tiere mit Pl\u00fcsch-Bezug (Polyester) St\u00e4mme mit Sisalteppich bezogen 4 gepolsterte Aufstiegshilfen mit Stickerei H\u00f6hle mit Pl\u00fcsch\/Fleece (Polyester) ausgestattet mit Sisalkratzfl\u00e4che gepolsterte Liegeplatten Liegeplatte mit abnehmbarem Kuschelbett 2 Vital Kissen mit viskoelastischem Schaum: Maschinenw\u00e4sche bis 30 \u00b0C\/Inlett: Handw\u00e4sche individuelle Anpassung an die K\u00f6rperform optimale Druckverteilung Liegefl\u00e4che kehrt stets in [&hellip;]<\/p>\n","protected":false},"featured_media":20649,"comment_status":"closed","ping_status":"open","template":"","meta":[],"product_cat":[13901],"product_tag":[],"class_list":{"0":"post-46837","1":"product","2":"type-product","3":"status-publish","4":"has-post-thumbnail","6":"product_cat-bis-100-cm","8":"first","9":"instock","10":"taxable","11":"shipping-taxable","12":"purchasable","13":"product-type-simple"},"_links":{"self":[{"href":"https:\/\/all-pets.de\/shop\/wp-json\/wp\/v2\/product\/46837","targetHints":{"allow":["GET"]}}],"collection":[{"href":"https:\/\/all-pets.de\/shop\/wp-json\/wp\/v2\/product"}],"about":[{"href":"https:\/\/all-pets.de\/shop\/wp-json\/wp\/v2\/types\/product"}],"replies":[{"embeddable":true,"href":"https:\/\/all-pets.de\/shop\/wp-json\/wp\/v2\/comments?post=46837"}],"wp:featuredmedia":[{"embeddable":true,"href":"https:\/\/all-pets.de\/shop\/wp-json\/wp\/v2\/media\/20649"}],"wp:attachment":[{"href":"https:\/\/all-pets.de\/shop\/wp-json\/wp\/v2\/media?parent=46837"}],"wp:term":[{"taxonomy":"product_cat","embeddable":true,"href":"https:\/\/all-pets.de\/shop\/wp-json\/wp\/v2\/product_cat?post=46837"},{"taxonomy":"product_tag","embeddable":true,"href":"https:\/\/all-pets.de\/shop\/wp-json\/wp\/v2\/product_tag?post=46837"}],"curies":[{"name":"wp","href":"https:\/\/api.w.org\/{rel}","templated":true}]}}