{"id":46839,"date":"2023-12-12T10:53:04","date_gmt":"2023-12-12T09:53:04","guid":{"rendered":"https:\/\/pet-shopping.de\/shop\/produkt\/trixie-junior-kratzbaum-lunito\/"},"modified":"2023-12-12T10:53:04","modified_gmt":"2023-12-12T09:53:04","slug":"trixie-junior-kratzbaum-lunito","status":"publish","type":"product","link":"https:\/\/all-pets.de\/shop\/produkt\/trixie-junior-kratzbaum-lunito\/","title":{"rendered":"Trixie Junior Kratzbaum Lunito"},"content":{"rendered":"<div class=\"mb-3 row\">\n<div class=\"col\">\n<ul>\n<li>\n<ul>\n<ul>\n<li>Sisal: \u00f8 6 mm\/Lammfell-Optik (Polyester): 270 g\/m\u00b2<\/li>\n<li>H\u00f6hle aus Pl\u00fcsch mit gepolstertem Boden<\/li>\n<li>Kuschelbett mit gepolsterter Liegefl\u00e4che und Rand<\/li>\n<li>abnehmbare H\u00e4ngematte: Handw\u00e4sche<\/li>\n<li>Farbe: grau\/mint<\/li>\n<li>Grundfl\u00e4che: ca. 52 \u00d7 34 cm<\/li>\n<li>H\u00f6he: ca. 71 cm<\/li>\n<li>Stammdurchmesser: ca. 9 cm<\/li>\n<\/ul>\n<\/ul>\n<\/li>\n<\/ul>\n<\/div>\n<\/div>\n","protected":false},"excerpt":{"rendered":"<p>Sisal: \u00f8 6 mm\/Lammfell-Optik (Polyester): 270 g\/m\u00b2 H\u00f6hle aus Pl\u00fcsch mit gepolstertem Boden Kuschelbett mit gepolsterter Liegefl\u00e4che und Rand abnehmbare H\u00e4ngematte: Handw\u00e4sche Farbe: grau\/mint Grundfl\u00e4che: ca. 52 \u00d7 34 cm H\u00f6he: ca. 71 cm Stammdurchmesser: ca. 9 cm<\/p>\n","protected":false},"featured_media":46840,"comment_status":"closed","ping_status":"open","template":"","meta":[],"product_cat":[13901],"product_tag":[],"class_list":{"0":"post-46839","1":"product","2":"type-product","3":"status-publish","4":"has-post-thumbnail","6":"product_cat-bis-100-cm","8":"first","9":"instock","10":"taxable","11":"shipping-taxable","12":"purchasable","13":"product-type-simple"},"_links":{"self":[{"href":"https:\/\/all-pets.de\/shop\/wp-json\/wp\/v2\/product\/46839","targetHints":{"allow":["GET"]}}],"collection":[{"href":"https:\/\/all-pets.de\/shop\/wp-json\/wp\/v2\/product"}],"about":[{"href":"https:\/\/all-pets.de\/shop\/wp-json\/wp\/v2\/types\/product"}],"replies":[{"embeddable":true,"href":"https:\/\/all-pets.de\/shop\/wp-json\/wp\/v2\/comments?post=46839"}],"wp:featuredmedia":[{"embeddable":true,"href":"https:\/\/all-pets.de\/shop\/wp-json\/wp\/v2\/media\/46840"}],"wp:attachment":[{"href":"https:\/\/all-pets.de\/shop\/wp-json\/wp\/v2\/media?parent=46839"}],"wp:term":[{"taxonomy":"product_cat","embeddable":true,"href":"https:\/\/all-pets.de\/shop\/wp-json\/wp\/v2\/product_cat?post=46839"},{"taxonomy":"product_tag","embeddable":true,"href":"https:\/\/all-pets.de\/shop\/wp-json\/wp\/v2\/product_tag?post=46839"}],"curies":[{"name":"wp","href":"https:\/\/api.w.org\/{rel}","templated":true}]}}