{"id":46845,"date":"2023-12-12T10:53:04","date_gmt":"2023-12-12T09:53:04","guid":{"rendered":"https:\/\/pet-shopping.de\/shop\/produkt\/trixie-pluesch-alpaka-geraeuschlos\/"},"modified":"2023-12-12T10:53:05","modified_gmt":"2023-12-12T09:53:05","slug":"trixie-pluesch-alpaka-geraeuschlos","status":"publish","type":"product","link":"https:\/\/all-pets.de\/shop\/produkt\/trixie-pluesch-alpaka-geraeuschlos\/","title":{"rendered":"Trixie Pl\u00fcsch Alpaka &#8211; ger\u00e4uschlos"},"content":{"rendered":"<ul>\n<li>Pl\u00fcsch (Polyester)<\/li>\n<li>ger\u00e4uschlos<\/li>\n<li>Gr\u00f6\u00dfe: ca. 22 cm<\/li>\n<\/ul>\n","protected":false},"excerpt":{"rendered":"<p>Pl\u00fcsch (Polyester) ger\u00e4uschlos Gr\u00f6\u00dfe: ca. 22 cm<\/p>\n","protected":false},"featured_media":17336,"comment_status":"closed","ping_status":"open","template":"","meta":[],"product_cat":[13828],"product_tag":[],"class_list":{"0":"post-46845","1":"product","2":"type-product","3":"status-publish","4":"has-post-thumbnail","6":"product_cat-plueschspielzeug-hundespielzeug-sport","8":"first","9":"instock","10":"taxable","11":"shipping-taxable","12":"purchasable","13":"product-type-simple"},"_links":{"self":[{"href":"https:\/\/all-pets.de\/shop\/wp-json\/wp\/v2\/product\/46845","targetHints":{"allow":["GET"]}}],"collection":[{"href":"https:\/\/all-pets.de\/shop\/wp-json\/wp\/v2\/product"}],"about":[{"href":"https:\/\/all-pets.de\/shop\/wp-json\/wp\/v2\/types\/product"}],"replies":[{"embeddable":true,"href":"https:\/\/all-pets.de\/shop\/wp-json\/wp\/v2\/comments?post=46845"}],"wp:featuredmedia":[{"embeddable":true,"href":"https:\/\/all-pets.de\/shop\/wp-json\/wp\/v2\/media\/17336"}],"wp:attachment":[{"href":"https:\/\/all-pets.de\/shop\/wp-json\/wp\/v2\/media?parent=46845"}],"wp:term":[{"taxonomy":"product_cat","embeddable":true,"href":"https:\/\/all-pets.de\/shop\/wp-json\/wp\/v2\/product_cat?post=46845"},{"taxonomy":"product_tag","embeddable":true,"href":"https:\/\/all-pets.de\/shop\/wp-json\/wp\/v2\/product_tag?post=46845"}],"curies":[{"name":"wp","href":"https:\/\/api.w.org\/{rel}","templated":true}]}}