{"id":46847,"date":"2023-12-12T10:53:04","date_gmt":"2023-12-12T09:53:04","guid":{"rendered":"https:\/\/pet-shopping.de\/shop\/produkt\/rozy-nagertunnel-stella-silver\/"},"modified":"2023-12-12T10:53:05","modified_gmt":"2023-12-12T09:53:05","slug":"rozy-nagertunnel-stella-silver","status":"publish","type":"product","link":"https:\/\/all-pets.de\/shop\/produkt\/rozy-nagertunnel-stella-silver\/","title":{"rendered":"Rozy Nagertunnel Stella &#8211; Silver"},"content":{"rendered":"<ul>\n<li>Kuschelweicher Tunnel f\u00fcr Kaninchen, Meerschweinchen uvm.<\/li>\n<li>Ideal f\u00fcr den Freilauf im Zimmer und als R\u00fcckzugsort<\/li>\n<li>Sicheres Gef\u00fchl f\u00fcr Kaninchen &#038;Co. bei rutschigen Boden<\/li>\n<li>Toller Spielspa\u00df durch verschiedene Kombinationsm\u00f6glichkeiten<\/li>\n<li>Qualit\u00e4t und Optik die \u00fcberzeugen<\/li>\n<li>Bieten Sie Ihrem \u201eMitbewohner\u201c das besten Spiel &#038; Kuschelm\u00f6glichkeiten<\/li>\n<li>Robustes und zugleich weiches Material in Kombination<\/li>\n<li>Maschinenwaschbar bis 30 Grad<\/li>\n<\/ul>\n<p>Ma\u00dfe (cm): 50\u00d720<\/p>\n<p>Farbe: Silver<\/p><\/p>\n","protected":false},"excerpt":{"rendered":"<p>Kuschelweicher Tunnel f\u00fcr Kaninchen, Meerschweinchen uvm. Ideal f\u00fcr den Freilauf im Zimmer und als R\u00fcckzugsort Sicheres Gef\u00fchl f\u00fcr Kaninchen &#038;Co. bei rutschigen Boden Toller Spielspa\u00df durch verschiedene Kombinationsm\u00f6glichkeiten Qualit\u00e4t und Optik die \u00fcberzeugen Bieten Sie Ihrem \u201eMitbewohner\u201c das besten Spiel &#038; Kuschelm\u00f6glichkeiten Robustes und zugleich weiches Material in Kombination Maschinenwaschbar bis 30 Grad Ma\u00dfe (cm): [&hellip;]<\/p>\n","protected":false},"featured_media":46848,"comment_status":"closed","ping_status":"open","template":"","meta":[],"product_cat":[14306],"product_tag":[],"class_list":{"0":"post-46847","1":"product","2":"type-product","3":"status-publish","4":"has-post-thumbnail","6":"product_cat-tunnel-hoehlen-bruecken-ausstattung-zubehoer-betten-haengemattenkleintierwelt","8":"first","9":"instock","10":"taxable","11":"shipping-taxable","12":"purchasable","13":"product-type-simple"},"_links":{"self":[{"href":"https:\/\/all-pets.de\/shop\/wp-json\/wp\/v2\/product\/46847","targetHints":{"allow":["GET"]}}],"collection":[{"href":"https:\/\/all-pets.de\/shop\/wp-json\/wp\/v2\/product"}],"about":[{"href":"https:\/\/all-pets.de\/shop\/wp-json\/wp\/v2\/types\/product"}],"replies":[{"embeddable":true,"href":"https:\/\/all-pets.de\/shop\/wp-json\/wp\/v2\/comments?post=46847"}],"wp:featuredmedia":[{"embeddable":true,"href":"https:\/\/all-pets.de\/shop\/wp-json\/wp\/v2\/media\/46848"}],"wp:attachment":[{"href":"https:\/\/all-pets.de\/shop\/wp-json\/wp\/v2\/media?parent=46847"}],"wp:term":[{"taxonomy":"product_cat","embeddable":true,"href":"https:\/\/all-pets.de\/shop\/wp-json\/wp\/v2\/product_cat?post=46847"},{"taxonomy":"product_tag","embeddable":true,"href":"https:\/\/all-pets.de\/shop\/wp-json\/wp\/v2\/product_tag?post=46847"}],"curies":[{"name":"wp","href":"https:\/\/api.w.org\/{rel}","templated":true}]}}