{"id":46849,"date":"2023-12-12T10:53:04","date_gmt":"2023-12-12T09:53:04","guid":{"rendered":"https:\/\/pet-shopping.de\/shop\/produkt\/rozy-nagerbett-bijou-silver\/"},"modified":"2023-12-12T10:53:05","modified_gmt":"2023-12-12T09:53:05","slug":"rozy-nagerbett-bijou-silver","status":"publish","type":"product","link":"https:\/\/all-pets.de\/shop\/produkt\/rozy-nagerbett-bijou-silver\/","title":{"rendered":"Rozy Nagerbett Bijou &#8211; Silver"},"content":{"rendered":"<ul>\n<li>Kuschelweiches Bett f\u00fcr Kaninchen, Meerschweinchen uvm.<\/li>\n<li>Ideal f\u00fcr den Freilauf im Zimmer und als R\u00fcckzugsort<\/li>\n<li>Sicheres Gef\u00fchl f\u00fcr Kaninchen &#038;Co. bei rutschigen Boden<\/li>\n<li>Qualit\u00e4t und Optik die \u00fcberzeugen<\/li>\n<li>Bieten Sie Ihrem \u201eMitbewohner\u201c die besten Schlaf- &#038; Kuschelm\u00f6glichkeiten<\/li>\n<li>Robustes und zugleich weiches Material in Kombination<\/li>\n<li>Antirutschboden \u2013 Einfache Reinigung durch feuchtes Abwischen<\/li>\n<li>Maschinenwaschbar bis 30 Grad<\/li>\n<\/ul>\n<p>Ma\u00dfe (cm): 35x35x12 <\/p>\n<p>Farbe: Silver<\/p><\/p>\n","protected":false},"excerpt":{"rendered":"<p>Kuschelweiches Bett f\u00fcr Kaninchen, Meerschweinchen uvm. Ideal f\u00fcr den Freilauf im Zimmer und als R\u00fcckzugsort Sicheres Gef\u00fchl f\u00fcr Kaninchen &#038;Co. bei rutschigen Boden Qualit\u00e4t und Optik die \u00fcberzeugen Bieten Sie Ihrem \u201eMitbewohner\u201c die besten Schlaf- &#038; Kuschelm\u00f6glichkeiten Robustes und zugleich weiches Material in Kombination Antirutschboden \u2013 Einfache Reinigung durch feuchtes Abwischen Maschinenwaschbar bis 30 Grad [&hellip;]<\/p>\n","protected":false},"featured_media":46850,"comment_status":"closed","ping_status":"open","template":"","meta":[],"product_cat":[13841],"product_tag":[],"class_list":{"0":"post-46849","1":"product","2":"type-product","3":"status-publish","4":"has-post-thumbnail","6":"product_cat-betten-haengematten","8":"first","9":"instock","10":"taxable","11":"shipping-taxable","12":"purchasable","13":"product-type-simple"},"_links":{"self":[{"href":"https:\/\/all-pets.de\/shop\/wp-json\/wp\/v2\/product\/46849","targetHints":{"allow":["GET"]}}],"collection":[{"href":"https:\/\/all-pets.de\/shop\/wp-json\/wp\/v2\/product"}],"about":[{"href":"https:\/\/all-pets.de\/shop\/wp-json\/wp\/v2\/types\/product"}],"replies":[{"embeddable":true,"href":"https:\/\/all-pets.de\/shop\/wp-json\/wp\/v2\/comments?post=46849"}],"wp:featuredmedia":[{"embeddable":true,"href":"https:\/\/all-pets.de\/shop\/wp-json\/wp\/v2\/media\/46850"}],"wp:attachment":[{"href":"https:\/\/all-pets.de\/shop\/wp-json\/wp\/v2\/media?parent=46849"}],"wp:term":[{"taxonomy":"product_cat","embeddable":true,"href":"https:\/\/all-pets.de\/shop\/wp-json\/wp\/v2\/product_cat?post=46849"},{"taxonomy":"product_tag","embeddable":true,"href":"https:\/\/all-pets.de\/shop\/wp-json\/wp\/v2\/product_tag?post=46849"}],"curies":[{"name":"wp","href":"https:\/\/api.w.org\/{rel}","templated":true}]}}