{"id":46854,"date":"2023-12-12T10:53:04","date_gmt":"2023-12-12T09:53:04","guid":{"rendered":"https:\/\/pet-shopping.de\/shop\/produkt\/trixie-snack-wuerfel-fuer-kleintiere-und-voegel\/"},"modified":"2023-12-12T10:53:06","modified_gmt":"2023-12-12T09:53:06","slug":"trixie-snack-wuerfel-fuer-kleintiere-und-voegel","status":"publish","type":"product","link":"https:\/\/all-pets.de\/shop\/produkt\/trixie-snack-wuerfel-fuer-kleintiere-und-voegel\/","title":{"rendered":"Trixie Snack-W\u00fcrfel f\u00fcr Kleintiere und V\u00f6gel"},"content":{"rendered":"<p>Training mit dem Snack-W\u00fcrfel<\/p>\n<p>Ob Kaninchen oder Ratte &#8211; mit dem Snack W\u00fcrfel bekommt jedes Kleintier eine neue geistige Herausforderung. Das Spielzeug l\u00e4sst sich mit Leckerlis bef\u00fcllen und durch das Herausziehen der Schubladen kommt das Tier an seine Belohnung. Um es dem Nager leichter zu machen, gibt es gro\u00dfe Luftl\u00f6cher und zwei Schwierigkeitsstufen. So l\u00e4sst der Erfolg nicht lange auf sich warten. Nat\u00fcrlich ist das Holz unbehandelt und das Produkt tierschutzkonform (\u00a718 AT).<\/p>\n<p><\/p>\n<ul>\n<li>durch Ziehen an den Sisal-Tauen gelangt das Tier an seine Belohnung<\/li>\n<li>gro\u00dfe Duftl\u00f6cher helfen bei der Suche nach Snacks<\/li>\n<li>artgerechte Besch\u00e4ftigung und geistige Herausforderung<\/li>\n<li>zwei Schwierigkeitsstufen durch unterschiedliche Positionierung des Spielzeuges<\/li>\n<li>Holz, unbehandelt<\/li>\n<li>inkl. Trainingsanleitung<\/li>\n<li>tierschutzkonform nach \u00a7 18 (AT)<\/li>\n<li>geeignet f\u00fcr z.B. f\u00fcr: Papageien, Nymphensittiche oder Ratten, Zwergkaninchen<\/li>\n<li>Ma\u00dfe: ca. 15 \u00d7 5,5 \u00d7 6 cm<\/li>\n<\/ul>\n<p>Nur zeitlich begrenzt unter Aufsicht anbieten. Nach der F\u00fctterung wieder herausnehmen. <\/p><\/p>\n","protected":false},"excerpt":{"rendered":"<p>Training mit dem Snack-W\u00fcrfel Ob Kaninchen oder Ratte &#8211; mit dem Snack W\u00fcrfel bekommt jedes Kleintier eine neue geistige Herausforderung. Das Spielzeug l\u00e4sst sich mit Leckerlis bef\u00fcllen und durch das Herausziehen der Schubladen kommt das Tier an seine Belohnung. Um es dem Nager leichter zu machen, gibt es gro\u00dfe Luftl\u00f6cher und zwei Schwierigkeitsstufen. So l\u00e4sst [&hellip;]<\/p>\n","protected":false},"featured_media":46855,"comment_status":"closed","ping_status":"open","template":"","meta":[],"product_cat":[14594],"product_tag":[],"class_list":{"0":"post-46854","1":"product","2":"type-product","3":"status-publish","4":"has-post-thumbnail","6":"product_cat-spiel-sport-ausstattung-zubehoer-spielzeugkleintierwelt","8":"first","9":"instock","10":"taxable","11":"shipping-taxable","12":"purchasable","13":"product-type-simple"},"_links":{"self":[{"href":"https:\/\/all-pets.de\/shop\/wp-json\/wp\/v2\/product\/46854","targetHints":{"allow":["GET"]}}],"collection":[{"href":"https:\/\/all-pets.de\/shop\/wp-json\/wp\/v2\/product"}],"about":[{"href":"https:\/\/all-pets.de\/shop\/wp-json\/wp\/v2\/types\/product"}],"replies":[{"embeddable":true,"href":"https:\/\/all-pets.de\/shop\/wp-json\/wp\/v2\/comments?post=46854"}],"wp:featuredmedia":[{"embeddable":true,"href":"https:\/\/all-pets.de\/shop\/wp-json\/wp\/v2\/media\/46855"}],"wp:attachment":[{"href":"https:\/\/all-pets.de\/shop\/wp-json\/wp\/v2\/media?parent=46854"}],"wp:term":[{"taxonomy":"product_cat","embeddable":true,"href":"https:\/\/all-pets.de\/shop\/wp-json\/wp\/v2\/product_cat?post=46854"},{"taxonomy":"product_tag","embeddable":true,"href":"https:\/\/all-pets.de\/shop\/wp-json\/wp\/v2\/product_tag?post=46854"}],"curies":[{"name":"wp","href":"https:\/\/api.w.org\/{rel}","templated":true}]}}