{"id":46868,"date":"2023-12-12T10:53:04","date_gmt":"2023-12-12T09:53:04","guid":{"rendered":"https:\/\/pet-shopping.de\/shop\/produkt\/savic-katzentoilette-nestor-weiss-gruen\/"},"modified":"2023-12-12T10:53:08","modified_gmt":"2023-12-12T09:53:08","slug":"savic-katzentoilette-nestor-weiss-gruen","status":"publish","type":"product","link":"https:\/\/all-pets.de\/shop\/produkt\/savic-katzentoilette-nestor-weiss-gruen\/","title":{"rendered":"Savic Katzentoilette Nestor &#8211; wei\u00df\/gr\u00fcn"},"content":{"rendered":"<p>Nestor ist eine modern designte Katzentoilette, welche durch die aufklappbare Front einfach zu reinigen ist.<\/p>\n<p>Die Katzentoilette Nestor soll das s\u00e4ubern schneller und einfacher machen, indem das verunreinigte Katzenstreu durch die aufklappbare Front entfernt werden kann &#8211; ganz ohne den Deckel zu entfernen! Die Bodenwanne ist an der R\u00fcckseite erh\u00f6ht um lecks vorzubeugen. Inklusive eingebautem Griff, Kunststoff-Schwingt\u00fcre und Carbon Filter.<\/p>\n<p>Ma\u00dfe (BxTxH): ca. 39 x 56 x 38,5 cm<\/p><\/p>\n","protected":false},"excerpt":{"rendered":"<p>Nestor ist eine modern designte Katzentoilette, welche durch die aufklappbare Front einfach zu reinigen ist. Die Katzentoilette Nestor soll das s\u00e4ubern schneller und einfacher machen, indem das verunreinigte Katzenstreu durch die aufklappbare Front entfernt werden kann &#8211; ganz ohne den Deckel zu entfernen! Die Bodenwanne ist an der R\u00fcckseite erh\u00f6ht um lecks vorzubeugen. Inklusive eingebautem [&hellip;]<\/p>\n","protected":false},"featured_media":46869,"comment_status":"closed","ping_status":"open","template":"","meta":[],"product_cat":[13941],"product_tag":[],"class_list":{"0":"post-46868","1":"product","2":"type-product","3":"status-publish","4":"has-post-thumbnail","6":"product_cat-katzentoiletten","8":"first","9":"instock","10":"taxable","11":"shipping-taxable","12":"purchasable","13":"product-type-simple"},"_links":{"self":[{"href":"https:\/\/all-pets.de\/shop\/wp-json\/wp\/v2\/product\/46868","targetHints":{"allow":["GET"]}}],"collection":[{"href":"https:\/\/all-pets.de\/shop\/wp-json\/wp\/v2\/product"}],"about":[{"href":"https:\/\/all-pets.de\/shop\/wp-json\/wp\/v2\/types\/product"}],"replies":[{"embeddable":true,"href":"https:\/\/all-pets.de\/shop\/wp-json\/wp\/v2\/comments?post=46868"}],"wp:featuredmedia":[{"embeddable":true,"href":"https:\/\/all-pets.de\/shop\/wp-json\/wp\/v2\/media\/46869"}],"wp:attachment":[{"href":"https:\/\/all-pets.de\/shop\/wp-json\/wp\/v2\/media?parent=46868"}],"wp:term":[{"taxonomy":"product_cat","embeddable":true,"href":"https:\/\/all-pets.de\/shop\/wp-json\/wp\/v2\/product_cat?post=46868"},{"taxonomy":"product_tag","embeddable":true,"href":"https:\/\/all-pets.de\/shop\/wp-json\/wp\/v2\/product_tag?post=46868"}],"curies":[{"name":"wp","href":"https:\/\/api.w.org\/{rel}","templated":true}]}}