{"id":46875,"date":"2023-12-12T10:53:04","date_gmt":"2023-12-12T09:53:04","guid":{"rendered":"https:\/\/pet-shopping.de\/shop\/produkt\/adaptil-happy-home-start-set\/"},"modified":"2023-12-12T10:53:09","modified_gmt":"2023-12-12T09:53:09","slug":"adaptil-happy-home-start-set","status":"publish","type":"product","link":"https:\/\/all-pets.de\/shop\/produkt\/adaptil-happy-home-start-set\/","title":{"rendered":"Adaptil Happy Home Start-Set"},"content":{"rendered":"<p>Der ADAPTIL\u00ae Verdampfer vermindert auf nat\u00fcrliche Weise die Anzeichen von Stress und Angst bei Hunden, wie z. B. destruktives Verhalten, anhaltendes Vokalisieren, Unwohlsein, Nervosit\u00e4t und Unruhe.<\/p>\n<p>Pheromon f\u00fcr Hunde<\/p>\n<p>ADAPTIL\u00ae Verdampfer f\u00fcr die Steckdose wird in dem Raum angebracht, in dem sich der Hund die meiste Zeit aufh\u00e4lt. Sind verschiedene R\u00e4ume durch offene T\u00fcren und Flure miteinander verbunden, verteilt sich auch dort das Pheromon.<\/p>\n<p>1 Zerst\u00e4uber pro 50 bis 70 m\u00b2 Wohnfl\u00e4che. F\u00fcr den Erfolg des Produktes sollte ADAPTIL\u00ae Verdampfer nicht aus der Steckdose entfernt werden, sondern dauerhaft (24 Std. am Tag) \u00fcber ca. 4 Wochen eingesteckt bleiben.<\/p>\n","protected":false},"excerpt":{"rendered":"<p>Der ADAPTIL\u00ae Verdampfer vermindert auf nat\u00fcrliche Weise die Anzeichen von Stress und Angst bei Hunden, wie z. B. destruktives Verhalten, anhaltendes Vokalisieren, Unwohlsein, Nervosit\u00e4t und Unruhe. Pheromon f\u00fcr Hunde ADAPTIL\u00ae Verdampfer f\u00fcr die Steckdose wird in dem Raum angebracht, in dem sich der Hund die meiste Zeit aufh\u00e4lt. Sind verschiedene R\u00e4ume durch offene T\u00fcren und [&hellip;]<\/p>\n","protected":false},"featured_media":46876,"comment_status":"closed","ping_status":"open","template":"","meta":[],"product_cat":[14332],"product_tag":[],"class_list":{"0":"post-46875","1":"product","2":"type-product","3":"status-publish","4":"has-post-thumbnail","6":"product_cat-adaptil","8":"first","9":"instock","10":"taxable","11":"shipping-taxable","12":"purchasable","13":"product-type-simple"},"_links":{"self":[{"href":"https:\/\/all-pets.de\/shop\/wp-json\/wp\/v2\/product\/46875","targetHints":{"allow":["GET"]}}],"collection":[{"href":"https:\/\/all-pets.de\/shop\/wp-json\/wp\/v2\/product"}],"about":[{"href":"https:\/\/all-pets.de\/shop\/wp-json\/wp\/v2\/types\/product"}],"replies":[{"embeddable":true,"href":"https:\/\/all-pets.de\/shop\/wp-json\/wp\/v2\/comments?post=46875"}],"wp:featuredmedia":[{"embeddable":true,"href":"https:\/\/all-pets.de\/shop\/wp-json\/wp\/v2\/media\/46876"}],"wp:attachment":[{"href":"https:\/\/all-pets.de\/shop\/wp-json\/wp\/v2\/media?parent=46875"}],"wp:term":[{"taxonomy":"product_cat","embeddable":true,"href":"https:\/\/all-pets.de\/shop\/wp-json\/wp\/v2\/product_cat?post=46875"},{"taxonomy":"product_tag","embeddable":true,"href":"https:\/\/all-pets.de\/shop\/wp-json\/wp\/v2\/product_tag?post=46875"}],"curies":[{"name":"wp","href":"https:\/\/api.w.org\/{rel}","templated":true}]}}