{"id":46877,"date":"2023-12-12T10:53:04","date_gmt":"2023-12-12T09:53:04","guid":{"rendered":"https:\/\/pet-shopping.de\/shop\/produkt\/beeztees-katzenangel-fruehlingsblumen\/"},"modified":"2023-12-12T10:53:11","modified_gmt":"2023-12-12T09:53:11","slug":"beeztees-katzenangel-fruehlingsblumen","status":"publish","type":"product","link":"https:\/\/all-pets.de\/shop\/produkt\/beeztees-katzenangel-fruehlingsblumen\/","title":{"rendered":"Beeztees Katzenangel Fr\u00fchlingsblumen"},"content":{"rendered":"<p>Holen Sie sich den Fr\u00fchling ins Haus mit der sch\u00f6nen Katzenangel Fr\u00fchlingsblume von Beeztees. Das Katzenspielzeug eignet sich hervorragend zum gemeinsamen Spielen und st\u00e4rkt so die Bindung zwischen Ihnen und Ihrer Katze. Die Katzenangel gibt es mit einer sch\u00f6nen Rose, einem G\u00e4nsebl\u00fcmchen oder einer Sonnenblume. Jede Blume besitzt eine Reihe von Str\u00e4ngen, die sich beim Spielen auf und ab bewegen. So macht es Ihrer Katze besonders viel Spa\u00df, hinter der Blume herzujagen. Stab und Blume sind f\u00fcr eine wunderbar weiche Haptik aus Pl\u00fcsch gefertigt. Nach dem Spielen k\u00f6nnen Sie das Spielzeug wie eine echte Blume in eine Vase stellen und so einen fr\u00f6hlichen Look im Haus zaubern.<\/p>\n<p>&#8211; Weicher Pl\u00fcsch<br \/>&#8211; Spielzeug mit Str\u00e4ngen<br \/>&#8211; Bringt den Fr\u00fchling ins Haus<br \/>&#8211; Gesamtl\u00e4nge: ca. 45 cm <br \/>&#8211; Stab: ca. 38 x 1 cm <br \/>&#8211; Str\u00e4nge: ca. 50 cm<\/p>\n<p>Eine Motivwahl ist leider nicht m\u00f6glich, da die Variante je nach Lagerbestand gew\u00e4hlt wird.<\/p>\n","protected":false},"excerpt":{"rendered":"<p>Holen Sie sich den Fr\u00fchling ins Haus mit der sch\u00f6nen Katzenangel Fr\u00fchlingsblume von Beeztees. Das Katzenspielzeug eignet sich hervorragend zum gemeinsamen Spielen und st\u00e4rkt so die Bindung zwischen Ihnen und Ihrer Katze. Die Katzenangel gibt es mit einer sch\u00f6nen Rose, einem G\u00e4nsebl\u00fcmchen oder einer Sonnenblume. Jede Blume besitzt eine Reihe von Str\u00e4ngen, die sich beim [&hellip;]<\/p>\n","protected":false},"featured_media":46878,"comment_status":"closed","ping_status":"open","template":"","meta":[],"product_cat":[13881],"product_tag":[],"class_list":{"0":"post-46877","1":"product","2":"type-product","3":"status-publish","4":"has-post-thumbnail","6":"product_cat-katzenspielangeln-co-katzenspielzeug","8":"first","9":"instock","10":"taxable","11":"shipping-taxable","12":"purchasable","13":"product-type-simple"},"_links":{"self":[{"href":"https:\/\/all-pets.de\/shop\/wp-json\/wp\/v2\/product\/46877","targetHints":{"allow":["GET"]}}],"collection":[{"href":"https:\/\/all-pets.de\/shop\/wp-json\/wp\/v2\/product"}],"about":[{"href":"https:\/\/all-pets.de\/shop\/wp-json\/wp\/v2\/types\/product"}],"replies":[{"embeddable":true,"href":"https:\/\/all-pets.de\/shop\/wp-json\/wp\/v2\/comments?post=46877"}],"wp:featuredmedia":[{"embeddable":true,"href":"https:\/\/all-pets.de\/shop\/wp-json\/wp\/v2\/media\/46878"}],"wp:attachment":[{"href":"https:\/\/all-pets.de\/shop\/wp-json\/wp\/v2\/media?parent=46877"}],"wp:term":[{"taxonomy":"product_cat","embeddable":true,"href":"https:\/\/all-pets.de\/shop\/wp-json\/wp\/v2\/product_cat?post=46877"},{"taxonomy":"product_tag","embeddable":true,"href":"https:\/\/all-pets.de\/shop\/wp-json\/wp\/v2\/product_tag?post=46877"}],"curies":[{"name":"wp","href":"https:\/\/api.w.org\/{rel}","templated":true}]}}