{"id":46892,"date":"2023-12-12T10:53:14","date_gmt":"2023-12-12T09:53:14","guid":{"rendered":"https:\/\/pet-shopping.de\/shop\/produkt\/karlie-fuehrleine-elegance-kalbleder-cognac-schwarz\/"},"modified":"2023-12-12T10:53:15","modified_gmt":"2023-12-12T09:53:15","slug":"karlie-fuehrleine-elegance-kalbleder-cognac-schwarz","status":"publish","type":"product","link":"https:\/\/all-pets.de\/shop\/produkt\/karlie-fuehrleine-elegance-kalbleder-cognac-schwarz\/","title":{"rendered":"Karlie F\u00fchrleine Elegance Kalbleder &#8211; Cognac\/Schwarz"},"content":{"rendered":"<p>Das Ausgangsmaterial f\u00fcr die F\u00fchrleine Buffalo wie auch f\u00fcr alle Lederprodukte der Buffalo Reihe ist Kalbsleder, das qualitativ sehr hochwertig ist und w\u00e4hrend der Vorbereitung wasserabweisend impr\u00e4gniert wird. Das Leder zeichnet sich durch eine sehr weiche Oberfl\u00e4che aus, die oft auch als samtig beschrieben wird und eine angenehme Oberfl\u00e4chenhaptik gew\u00e4hrleistet. Durch die einzelnen Produktionsschritte des Riegelns, Abn\u00e4hens und Buggens entsteht ein wertiges, formbest\u00e4ndiges Qualit\u00e4tsprodukt mit weichen Kanten. Die F\u00fchrleine ist 3fach verstellbar, sehr langlebig und verliert ihre robusten Eigenschaften auch \u00fcber Jahre hinweg nicht.<\/p>\n<p>L\u00e4nge: ca. 200 cm<br \/> Breite: 18 mm<br \/> Farbe: Cognac\/Schwarz<\/p>\n","protected":false},"excerpt":{"rendered":"<p>Das Ausgangsmaterial f\u00fcr die F\u00fchrleine Buffalo wie auch f\u00fcr alle Lederprodukte der Buffalo Reihe ist Kalbsleder, das qualitativ sehr hochwertig ist und w\u00e4hrend der Vorbereitung wasserabweisend impr\u00e4gniert wird. Das Leder zeichnet sich durch eine sehr weiche Oberfl\u00e4che aus, die oft auch als samtig beschrieben wird und eine angenehme Oberfl\u00e4chenhaptik gew\u00e4hrleistet. Durch die einzelnen Produktionsschritte des [&hellip;]<\/p>\n","protected":false},"featured_media":5404,"comment_status":"closed","ping_status":"open","template":"","meta":[],"product_cat":[13749],"product_tag":[],"class_list":{"0":"post-46892","1":"product","2":"type-product","3":"status-publish","4":"has-post-thumbnail","6":"product_cat-lederleinen","8":"first","9":"instock","10":"taxable","11":"shipping-taxable","12":"purchasable","13":"product-type-simple"},"_links":{"self":[{"href":"https:\/\/all-pets.de\/shop\/wp-json\/wp\/v2\/product\/46892","targetHints":{"allow":["GET"]}}],"collection":[{"href":"https:\/\/all-pets.de\/shop\/wp-json\/wp\/v2\/product"}],"about":[{"href":"https:\/\/all-pets.de\/shop\/wp-json\/wp\/v2\/types\/product"}],"replies":[{"embeddable":true,"href":"https:\/\/all-pets.de\/shop\/wp-json\/wp\/v2\/comments?post=46892"}],"wp:featuredmedia":[{"embeddable":true,"href":"https:\/\/all-pets.de\/shop\/wp-json\/wp\/v2\/media\/5404"}],"wp:attachment":[{"href":"https:\/\/all-pets.de\/shop\/wp-json\/wp\/v2\/media?parent=46892"}],"wp:term":[{"taxonomy":"product_cat","embeddable":true,"href":"https:\/\/all-pets.de\/shop\/wp-json\/wp\/v2\/product_cat?post=46892"},{"taxonomy":"product_tag","embeddable":true,"href":"https:\/\/all-pets.de\/shop\/wp-json\/wp\/v2\/product_tag?post=46892"}],"curies":[{"name":"wp","href":"https:\/\/api.w.org\/{rel}","templated":true}]}}