{"id":46896,"date":"2023-12-12T10:53:14","date_gmt":"2023-12-12T09:53:14","guid":{"rendered":"https:\/\/pet-shopping.de\/shop\/produkt\/karlie-leine-peacock-gruen-110cm-14mm\/"},"modified":"2023-12-12T10:53:15","modified_gmt":"2023-12-12T09:53:15","slug":"karlie-leine-peacock-gruen-110cm-14mm","status":"publish","type":"product","link":"https:\/\/all-pets.de\/shop\/produkt\/karlie-leine-peacock-gruen-110cm-14mm\/","title":{"rendered":"Karlie Leine Peacock &#8211; gr\u00fcn, 110cm \/ 14mm"},"content":{"rendered":"<p>&#8211; Textilgewebe<br \/>&#8211; mit Nappaleder unterlegt<br \/>&#8211; geriegelt<br \/>&#8211; abgen\u00e4ht<br \/>&#8211; gebuggt<br \/>&#8211; verchromte Beschl\u00e4ge<br \/>&#8211; Farbe: gr\u00fcn gemustert<br \/>&#8211; L\u00e4nge: ca. 110 cm<br \/>&#8211; Breite: ca. 14 mm<\/p>\n","protected":false},"excerpt":{"rendered":"<p>&#8211; Textilgewebe&#8211; mit Nappaleder unterlegt&#8211; geriegelt&#8211; abgen\u00e4ht&#8211; gebuggt&#8211; verchromte Beschl\u00e4ge&#8211; Farbe: gr\u00fcn gemustert&#8211; L\u00e4nge: ca. 110 cm&#8211; Breite: ca. 14 mm<\/p>\n","protected":false},"featured_media":46897,"comment_status":"closed","ping_status":"open","template":"","meta":[],"product_cat":[14033],"product_tag":[],"class_list":{"0":"post-46896","1":"product","2":"type-product","3":"status-publish","4":"has-post-thumbnail","6":"product_cat-weitere-leinen-leinen","8":"first","9":"instock","10":"taxable","11":"shipping-taxable","12":"purchasable","13":"product-type-simple"},"_links":{"self":[{"href":"https:\/\/all-pets.de\/shop\/wp-json\/wp\/v2\/product\/46896","targetHints":{"allow":["GET"]}}],"collection":[{"href":"https:\/\/all-pets.de\/shop\/wp-json\/wp\/v2\/product"}],"about":[{"href":"https:\/\/all-pets.de\/shop\/wp-json\/wp\/v2\/types\/product"}],"replies":[{"embeddable":true,"href":"https:\/\/all-pets.de\/shop\/wp-json\/wp\/v2\/comments?post=46896"}],"wp:featuredmedia":[{"embeddable":true,"href":"https:\/\/all-pets.de\/shop\/wp-json\/wp\/v2\/media\/46897"}],"wp:attachment":[{"href":"https:\/\/all-pets.de\/shop\/wp-json\/wp\/v2\/media?parent=46896"}],"wp:term":[{"taxonomy":"product_cat","embeddable":true,"href":"https:\/\/all-pets.de\/shop\/wp-json\/wp\/v2\/product_cat?post=46896"},{"taxonomy":"product_tag","embeddable":true,"href":"https:\/\/all-pets.de\/shop\/wp-json\/wp\/v2\/product_tag?post=46896"}],"curies":[{"name":"wp","href":"https:\/\/api.w.org\/{rel}","templated":true}]}}