{"id":46898,"date":"2023-12-12T10:53:14","date_gmt":"2023-12-12T09:53:14","guid":{"rendered":"https:\/\/pet-shopping.de\/shop\/produkt\/trixie-kaetzchentoilette-mio-mit-rand\/"},"modified":"2023-12-12T10:53:16","modified_gmt":"2023-12-12T09:53:16","slug":"trixie-kaetzchentoilette-mio-mit-rand","status":"publish","type":"product","link":"https:\/\/all-pets.de\/shop\/produkt\/trixie-kaetzchentoilette-mio-mit-rand\/","title":{"rendered":"Trixie K\u00e4tzchentoilette Mio mit Rand"},"content":{"rendered":"<ul>\n<li>f\u00fcr kleine Katzen und K\u00e4tzchen<\/li>\n<li>transparent<\/li>\n<li>Kunststoff<\/li>\n<li>Ma\u00dfe: ca. 32 x 12 x 43 cm<\/li>\n<li>Diverse Farben. Eine Farbwahl ist leider nicht m\u00f6glich.<\/li>\n<\/ul>\n","protected":false},"excerpt":{"rendered":"<p>f\u00fcr kleine Katzen und K\u00e4tzchen transparent Kunststoff Ma\u00dfe: ca. 32 x 12 x 43 cm Diverse Farben. Eine Farbwahl ist leider nicht m\u00f6glich.<\/p>\n","protected":false},"featured_media":34393,"comment_status":"closed","ping_status":"open","template":"","meta":[],"product_cat":[13941],"product_tag":[],"class_list":{"0":"post-46898","1":"product","2":"type-product","3":"status-publish","4":"has-post-thumbnail","6":"product_cat-katzentoiletten","8":"first","9":"instock","10":"taxable","11":"shipping-taxable","12":"purchasable","13":"product-type-simple"},"_links":{"self":[{"href":"https:\/\/all-pets.de\/shop\/wp-json\/wp\/v2\/product\/46898","targetHints":{"allow":["GET"]}}],"collection":[{"href":"https:\/\/all-pets.de\/shop\/wp-json\/wp\/v2\/product"}],"about":[{"href":"https:\/\/all-pets.de\/shop\/wp-json\/wp\/v2\/types\/product"}],"replies":[{"embeddable":true,"href":"https:\/\/all-pets.de\/shop\/wp-json\/wp\/v2\/comments?post=46898"}],"wp:featuredmedia":[{"embeddable":true,"href":"https:\/\/all-pets.de\/shop\/wp-json\/wp\/v2\/media\/34393"}],"wp:attachment":[{"href":"https:\/\/all-pets.de\/shop\/wp-json\/wp\/v2\/media?parent=46898"}],"wp:term":[{"taxonomy":"product_cat","embeddable":true,"href":"https:\/\/all-pets.de\/shop\/wp-json\/wp\/v2\/product_cat?post=46898"},{"taxonomy":"product_tag","embeddable":true,"href":"https:\/\/all-pets.de\/shop\/wp-json\/wp\/v2\/product_tag?post=46898"}],"curies":[{"name":"wp","href":"https:\/\/api.w.org\/{rel}","templated":true}]}}