{"id":46899,"date":"2023-12-12T10:53:14","date_gmt":"2023-12-12T09:53:14","guid":{"rendered":"https:\/\/pet-shopping.de\/shop\/produkt\/classic-dog-snack-pferdelunge-200g\/"},"modified":"2023-12-12T10:53:16","modified_gmt":"2023-12-12T09:53:16","slug":"classic-dog-snack-pferdelunge-200g","status":"publish","type":"product","link":"https:\/\/all-pets.de\/shop\/produkt\/classic-dog-snack-pferdelunge-200g\/","title":{"rendered":"Classic Dog Snack Pferdelunge 200g"},"content":{"rendered":"<p>Beim Zerkauen werden gleichzeitig die Z\u00e4hne von Bel\u00e4gen befreit, das Zahnfleisch massiert und die Kaumuskeln gekr\u00e4ftigt. Classic Kausnacks wird in einem speziellen Verfahren schonend getrocknet. Trockenfleisch bietet eine ideale Alternative zu frischen Fleischteilen vom Metzger. Es ist ebenso nahrhaft bei l\u00e4ngerer Lagerf\u00e4higkeit und angenehmeren Geruch. Classic Hundekausnacks bestehen aus 100% nat\u00fcrlichem Fleisch ohne k\u00fcnstliche Farbstoffe und ohne Konservierungsstoffe.<\/p>\n<p><strong>Inhaltsstoffe:<\/strong> <\/p>\n<p>Protein: 76,55% Fett: 04,40% Feuchtigkeit: 10,05%<\/p>\n<p><strong>F\u00fctterungsempfehlung:<\/strong> <\/p>\n<p>Bitte stellen Sie Ihrem Hund immer ausreichend frisches Wasser zur freien Verf\u00fcgung.<\/p>\n","protected":false},"excerpt":{"rendered":"<p>Beim Zerkauen werden gleichzeitig die Z\u00e4hne von Bel\u00e4gen befreit, das Zahnfleisch massiert und die Kaumuskeln gekr\u00e4ftigt. Classic Kausnacks wird in einem speziellen Verfahren schonend getrocknet. Trockenfleisch bietet eine ideale Alternative zu frischen Fleischteilen vom Metzger. Es ist ebenso nahrhaft bei l\u00e4ngerer Lagerf\u00e4higkeit und angenehmeren Geruch. Classic Hundekausnacks bestehen aus 100% nat\u00fcrlichem Fleisch ohne k\u00fcnstliche Farbstoffe [&hellip;]<\/p>\n","protected":false},"featured_media":16979,"comment_status":"closed","ping_status":"open","template":"","meta":[],"product_cat":[13902],"product_tag":[],"class_list":{"0":"post-46899","1":"product","2":"type-product","3":"status-publish","4":"has-post-thumbnail","6":"product_cat-classic-trockenware","8":"first","9":"instock","10":"taxable","11":"shipping-taxable","12":"purchasable","13":"product-type-simple"},"_links":{"self":[{"href":"https:\/\/all-pets.de\/shop\/wp-json\/wp\/v2\/product\/46899","targetHints":{"allow":["GET"]}}],"collection":[{"href":"https:\/\/all-pets.de\/shop\/wp-json\/wp\/v2\/product"}],"about":[{"href":"https:\/\/all-pets.de\/shop\/wp-json\/wp\/v2\/types\/product"}],"replies":[{"embeddable":true,"href":"https:\/\/all-pets.de\/shop\/wp-json\/wp\/v2\/comments?post=46899"}],"wp:featuredmedia":[{"embeddable":true,"href":"https:\/\/all-pets.de\/shop\/wp-json\/wp\/v2\/media\/16979"}],"wp:attachment":[{"href":"https:\/\/all-pets.de\/shop\/wp-json\/wp\/v2\/media?parent=46899"}],"wp:term":[{"taxonomy":"product_cat","embeddable":true,"href":"https:\/\/all-pets.de\/shop\/wp-json\/wp\/v2\/product_cat?post=46899"},{"taxonomy":"product_tag","embeddable":true,"href":"https:\/\/all-pets.de\/shop\/wp-json\/wp\/v2\/product_tag?post=46899"}],"curies":[{"name":"wp","href":"https:\/\/api.w.org\/{rel}","templated":true}]}}