{"id":46900,"date":"2023-12-12T10:53:14","date_gmt":"2023-12-12T09:53:14","guid":{"rendered":"https:\/\/pet-shopping.de\/shop\/produkt\/karlie-flamingo-hunderampe-car-gangway-extra-breit\/"},"modified":"2023-12-12T10:53:16","modified_gmt":"2023-12-12T09:53:16","slug":"karlie-flamingo-hunderampe-car-gangway-extra-breit","status":"publish","type":"product","link":"https:\/\/all-pets.de\/shop\/produkt\/karlie-flamingo-hunderampe-car-gangway-extra-breit\/","title":{"rendered":"Karlie Flamingo Hunderampe CAR GANGWAY &#8211; Extra Breit"},"content":{"rendered":"<p>Die praktische extra breite Auto-Anlegerampe f\u00fcr Hunde!<\/p>\n<p>Ideal f\u00fcr Welpen, gro\u00dfe und schwere Rassen, Seniorenhunde und Hunde in der Rekonvaleszenz. Hilft H\u00fcfte und Gelenke zu schonen, unterst\u00fctzt einen bequemen Ein-\/Ausstieg.<\/p>\n<p>Belastbar bis 50 kg. Stabile Holzrampe, mit Anti-Rutsch Trittfl\u00e4che. Kann platzsparend zusammengelegt werden. Keine Montage n\u00f6tig &#8211; einfach an die Sto\u00dfstange anlegen. <\/p>\n<p>L\u00e4nge: ca. 120 cm, Breite: ca. 40 cm.<br \/> Eigengewicht: ca. 5 kg<\/p>\n","protected":false},"excerpt":{"rendered":"<p>Die praktische extra breite Auto-Anlegerampe f\u00fcr Hunde! Ideal f\u00fcr Welpen, gro\u00dfe und schwere Rassen, Seniorenhunde und Hunde in der Rekonvaleszenz. Hilft H\u00fcfte und Gelenke zu schonen, unterst\u00fctzt einen bequemen Ein-\/Ausstieg. Belastbar bis 50 kg. Stabile Holzrampe, mit Anti-Rutsch Trittfl\u00e4che. Kann platzsparend zusammengelegt werden. Keine Montage n\u00f6tig &#8211; einfach an die Sto\u00dfstange anlegen. L\u00e4nge: ca. 120 [&hellip;]<\/p>\n","protected":false},"featured_media":33097,"comment_status":"closed","ping_status":"open","template":"","meta":[],"product_cat":[13691],"product_tag":[],"class_list":{"0":"post-46900","1":"product","2":"type-product","3":"status-publish","4":"has-post-thumbnail","6":"product_cat-autozubehoer","8":"first","9":"instock","10":"taxable","11":"shipping-taxable","12":"purchasable","13":"product-type-simple"},"_links":{"self":[{"href":"https:\/\/all-pets.de\/shop\/wp-json\/wp\/v2\/product\/46900","targetHints":{"allow":["GET"]}}],"collection":[{"href":"https:\/\/all-pets.de\/shop\/wp-json\/wp\/v2\/product"}],"about":[{"href":"https:\/\/all-pets.de\/shop\/wp-json\/wp\/v2\/types\/product"}],"replies":[{"embeddable":true,"href":"https:\/\/all-pets.de\/shop\/wp-json\/wp\/v2\/comments?post=46900"}],"wp:featuredmedia":[{"embeddable":true,"href":"https:\/\/all-pets.de\/shop\/wp-json\/wp\/v2\/media\/33097"}],"wp:attachment":[{"href":"https:\/\/all-pets.de\/shop\/wp-json\/wp\/v2\/media?parent=46900"}],"wp:term":[{"taxonomy":"product_cat","embeddable":true,"href":"https:\/\/all-pets.de\/shop\/wp-json\/wp\/v2\/product_cat?post=46900"},{"taxonomy":"product_tag","embeddable":true,"href":"https:\/\/all-pets.de\/shop\/wp-json\/wp\/v2\/product_tag?post=46900"}],"curies":[{"name":"wp","href":"https:\/\/api.w.org\/{rel}","templated":true}]}}