{"id":46907,"date":"2023-12-12T10:53:18","date_gmt":"2023-12-12T09:53:18","guid":{"rendered":"https:\/\/pet-shopping.de\/shop\/produkt\/trixie-flasche-mit-trinknapf\/"},"modified":"2023-12-12T10:53:18","modified_gmt":"2023-12-12T09:53:18","slug":"trixie-flasche-mit-trinknapf","status":"publish","type":"product","link":"https:\/\/all-pets.de\/shop\/produkt\/trixie-flasche-mit-trinknapf\/","title":{"rendered":"Trixie Flasche mit Trinknapf"},"content":{"rendered":"<ul>\n<li>durch Dr\u00fccken der Flasche gelangt Wasser in den Napf-Aufsatz<\/li>\n<li>mit Druckknopfventil zum \u00d6ffnen\/Schlie\u00dfen des Napf-Aufsatzes<\/li>\n<li>mit Karabiner zur Befestigung z. B. am G\u00fcrtel<\/li>\n<li>Kunststoff<\/li>\n<li>Fassungsverm\u00f6gen: 0,55 L<\/li>\n<li>Diverse Farben. Eine Farbwahl ist leider nicht m\u00f6glich, da die Farbe je nach Lagerbestand gew\u00e4hlt wird.<\/li>\n<\/ul>\n","protected":false},"excerpt":{"rendered":"<p>durch Dr\u00fccken der Flasche gelangt Wasser in den Napf-Aufsatz mit Druckknopfventil zum \u00d6ffnen\/Schlie\u00dfen des Napf-Aufsatzes mit Karabiner zur Befestigung z. B. am G\u00fcrtel Kunststoff Fassungsverm\u00f6gen: 0,55 L Diverse Farben. Eine Farbwahl ist leider nicht m\u00f6glich, da die Farbe je nach Lagerbestand gew\u00e4hlt wird.<\/p>\n","protected":false},"featured_media":46908,"comment_status":"closed","ping_status":"open","template":"","meta":[],"product_cat":[14605],"product_tag":[],"class_list":{"0":"post-46907","1":"product","2":"type-product","3":"status-publish","4":"has-post-thumbnail","6":"product_cat-reisenaepfe-fuer-hunde","8":"first","9":"instock","10":"taxable","11":"shipping-taxable","12":"purchasable","13":"product-type-simple"},"_links":{"self":[{"href":"https:\/\/all-pets.de\/shop\/wp-json\/wp\/v2\/product\/46907","targetHints":{"allow":["GET"]}}],"collection":[{"href":"https:\/\/all-pets.de\/shop\/wp-json\/wp\/v2\/product"}],"about":[{"href":"https:\/\/all-pets.de\/shop\/wp-json\/wp\/v2\/types\/product"}],"replies":[{"embeddable":true,"href":"https:\/\/all-pets.de\/shop\/wp-json\/wp\/v2\/comments?post=46907"}],"wp:featuredmedia":[{"embeddable":true,"href":"https:\/\/all-pets.de\/shop\/wp-json\/wp\/v2\/media\/46908"}],"wp:attachment":[{"href":"https:\/\/all-pets.de\/shop\/wp-json\/wp\/v2\/media?parent=46907"}],"wp:term":[{"taxonomy":"product_cat","embeddable":true,"href":"https:\/\/all-pets.de\/shop\/wp-json\/wp\/v2\/product_cat?post=46907"},{"taxonomy":"product_tag","embeddable":true,"href":"https:\/\/all-pets.de\/shop\/wp-json\/wp\/v2\/product_tag?post=46907"}],"curies":[{"name":"wp","href":"https:\/\/api.w.org\/{rel}","templated":true}]}}