{"id":46922,"date":"2023-12-12T10:53:18","date_gmt":"2023-12-12T09:53:18","guid":{"rendered":"https:\/\/pet-shopping.de\/shop\/produkt\/trixie-hoehle-fuer-regale-mit-kratzflaeche\/"},"modified":"2023-12-12T10:53:21","modified_gmt":"2023-12-12T09:53:21","slug":"trixie-hoehle-fuer-regale-mit-kratzflaeche","status":"publish","type":"product","link":"https:\/\/all-pets.de\/shop\/produkt\/trixie-hoehle-fuer-regale-mit-kratzflaeche\/","title":{"rendered":"Trixie H\u00f6hle f\u00fcr Regale mit Kratzfl\u00e4che"},"content":{"rendered":"<p>Kuschelige Katzen-H\u00f6hle mit Kratzgelegenheit f\u00fcr Regale<\/p>\n<p>Du suchst nach einer kuscheligen R\u00fcckzugsm\u00f6glichkeit f\u00fcr deine Katze? Unsere H\u00f6hle f\u00fcr Regale l\u00e4sst sich optimal in die Wohnlandschaft einf\u00fcgen, z. B. passt die H\u00f6hle perfekt zu den quadratischen Formen der IKEA Kallax Regale. Die Kuschelh\u00f6hle ist mit weichem Pl\u00fcsch und einer gepolsterten Liegefl\u00e4che ausgestattet. Zudem befindet sich an der Au\u00dfenseite eine gro\u00dfz\u00fcgige Sisalkratzfl\u00e4che, an der dein Stubentiger hinaufklettern kann.<\/p>\n<p><\/p>\n<div class=\"mb-3 row\">\n<div class=\"col\">\n<ul>\n<li>\n<ul>\n<ul>\n<li>Sisal\/Pl\u00fcsch (Polyester): 220 g\/m\u00b2<\/li>\n<li>passend f\u00fcr IKEA Kallax<\/li>\n<li>gepolsterte Liegefl\u00e4che<\/li>\n<li>Ma\u00dfe: ca. 33 \u00d7 70 \u00d7 37 cm<\/li>\n<li>Farbe: grau<\/li>\n<\/ul>\n<\/ul>\n<\/li>\n<\/ul>\n<\/div>\n<\/div>\n","protected":false},"excerpt":{"rendered":"<p>Kuschelige Katzen-H\u00f6hle mit Kratzgelegenheit f\u00fcr Regale Du suchst nach einer kuscheligen R\u00fcckzugsm\u00f6glichkeit f\u00fcr deine Katze? Unsere H\u00f6hle f\u00fcr Regale l\u00e4sst sich optimal in die Wohnlandschaft einf\u00fcgen, z. B. passt die H\u00f6hle perfekt zu den quadratischen Formen der IKEA Kallax Regale. Die Kuschelh\u00f6hle ist mit weichem Pl\u00fcsch und einer gepolsterten Liegefl\u00e4che ausgestattet. Zudem befindet sich an [&hellip;]<\/p>\n","protected":false},"featured_media":46923,"comment_status":"closed","ping_status":"open","template":"","meta":[],"product_cat":[14608],"product_tag":[],"class_list":{"0":"post-46922","1":"product","2":"type-product","3":"status-publish","4":"has-post-thumbnail","6":"product_cat-kratzbretter-artikel-kratzbaeume-moebel-haeuser-hoehlenkatzenwelt","8":"first","9":"instock","10":"taxable","11":"shipping-taxable","12":"purchasable","13":"product-type-simple"},"_links":{"self":[{"href":"https:\/\/all-pets.de\/shop\/wp-json\/wp\/v2\/product\/46922","targetHints":{"allow":["GET"]}}],"collection":[{"href":"https:\/\/all-pets.de\/shop\/wp-json\/wp\/v2\/product"}],"about":[{"href":"https:\/\/all-pets.de\/shop\/wp-json\/wp\/v2\/types\/product"}],"replies":[{"embeddable":true,"href":"https:\/\/all-pets.de\/shop\/wp-json\/wp\/v2\/comments?post=46922"}],"wp:featuredmedia":[{"embeddable":true,"href":"https:\/\/all-pets.de\/shop\/wp-json\/wp\/v2\/media\/46923"}],"wp:attachment":[{"href":"https:\/\/all-pets.de\/shop\/wp-json\/wp\/v2\/media?parent=46922"}],"wp:term":[{"taxonomy":"product_cat","embeddable":true,"href":"https:\/\/all-pets.de\/shop\/wp-json\/wp\/v2\/product_cat?post=46922"},{"taxonomy":"product_tag","embeddable":true,"href":"https:\/\/all-pets.de\/shop\/wp-json\/wp\/v2\/product_tag?post=46922"}],"curies":[{"name":"wp","href":"https:\/\/api.w.org\/{rel}","templated":true}]}}