{"id":46930,"date":"2023-12-12T10:53:18","date_gmt":"2023-12-12T09:53:18","guid":{"rendered":"https:\/\/pet-shopping.de\/shop\/produkt\/trixie-chicken-chips-100g\/"},"modified":"2023-12-12T10:53:22","modified_gmt":"2023-12-12T09:53:22","slug":"trixie-chicken-chips-100g","status":"publish","type":"product","link":"https:\/\/all-pets.de\/shop\/produkt\/trixie-chicken-chips-100g\/","title":{"rendered":"Trixie Chicken Chips &#8211; 100g"},"content":{"rendered":"<ul>\n<li>Sorte: Huhn<\/li>\n<li>ohne Zuckerzusatz<\/li>\n<li>Ma\u00dfe: ca. \u00f8 4 cm<\/li>\n<li>Inhalt: 100g<\/li>\n<\/ul>\n<p>Zusammensetzung: Erbsenst\u00e4rke, H\u00fchnerfleisch (23 %), Maisst\u00e4rke, Glycerin, Kartoffelst\u00e4rke, Weizenmehl, Calciumcarbonat, Petersilie, Rosmarin | 0 % Zuckerzusatz | K\u00fchl und trocken lagern.<\/p>\n<p><\/p>\n","protected":false},"excerpt":{"rendered":"<p>Sorte: Huhn ohne Zuckerzusatz Ma\u00dfe: ca. \u00f8 4 cm Inhalt: 100g Zusammensetzung: Erbsenst\u00e4rke, H\u00fchnerfleisch (23 %), Maisst\u00e4rke, Glycerin, Kartoffelst\u00e4rke, Weizenmehl, Calciumcarbonat, Petersilie, Rosmarin | 0 % Zuckerzusatz | K\u00fchl und trocken lagern.<\/p>\n","protected":false},"featured_media":46931,"comment_status":"closed","ping_status":"open","template":"","meta":[],"product_cat":[13809],"product_tag":[],"class_list":{"0":"post-46930","1":"product","2":"type-product","3":"status-publish","4":"has-post-thumbnail","6":"product_cat-trixie","8":"first","9":"instock","10":"taxable","11":"shipping-taxable","12":"purchasable","13":"product-type-simple"},"_links":{"self":[{"href":"https:\/\/all-pets.de\/shop\/wp-json\/wp\/v2\/product\/46930","targetHints":{"allow":["GET"]}}],"collection":[{"href":"https:\/\/all-pets.de\/shop\/wp-json\/wp\/v2\/product"}],"about":[{"href":"https:\/\/all-pets.de\/shop\/wp-json\/wp\/v2\/types\/product"}],"replies":[{"embeddable":true,"href":"https:\/\/all-pets.de\/shop\/wp-json\/wp\/v2\/comments?post=46930"}],"wp:featuredmedia":[{"embeddable":true,"href":"https:\/\/all-pets.de\/shop\/wp-json\/wp\/v2\/media\/46931"}],"wp:attachment":[{"href":"https:\/\/all-pets.de\/shop\/wp-json\/wp\/v2\/media?parent=46930"}],"wp:term":[{"taxonomy":"product_cat","embeddable":true,"href":"https:\/\/all-pets.de\/shop\/wp-json\/wp\/v2\/product_cat?post=46930"},{"taxonomy":"product_tag","embeddable":true,"href":"https:\/\/all-pets.de\/shop\/wp-json\/wp\/v2\/product_tag?post=46930"}],"curies":[{"name":"wp","href":"https:\/\/api.w.org\/{rel}","templated":true}]}}