{"id":46934,"date":"2023-12-12T10:53:18","date_gmt":"2023-12-12T09:53:18","guid":{"rendered":"https:\/\/pet-shopping.de\/shop\/produkt\/trixie-hoehle-elise-63-x-44-x-30-cm\/"},"modified":"2023-12-12T10:53:23","modified_gmt":"2023-12-12T09:53:23","slug":"trixie-hoehle-elise-63-x-44-x-30-cm","status":"publish","type":"product","link":"https:\/\/all-pets.de\/shop\/produkt\/trixie-hoehle-elise-63-x-44-x-30-cm\/","title":{"rendered":"Trixie H\u00f6hle Elise &#8211; 63 \u00d7 44 \u00d7 30 cm"},"content":{"rendered":"<ul>\n<li>Filz (Polyester)<\/li>\n<li>Wendekissen mit Bezug aus Langhaar-Pl\u00fcsch (Polyester)\/Canvas und Polyestervlies-F\u00fcllung<\/li>\n<li>Kissenbezug abnehmbarund bei 40\u00b0 C waschbar<\/li>\n<li>zusammenfaltbar<\/li>\n<li>Inlett: Handw\u00e4sche<\/li>\n<li>Ma\u00dfe: ca. 63 \u00d7 44 \u00d7 30 cm<\/li>\n<li>Farbe: anthrazit<\/li>\n<\/ul>\n","protected":false},"excerpt":{"rendered":"<p>Filz (Polyester) Wendekissen mit Bezug aus Langhaar-Pl\u00fcsch (Polyester)\/Canvas und Polyestervlies-F\u00fcllung Kissenbezug abnehmbarund bei 40\u00b0 C waschbar zusammenfaltbar Inlett: Handw\u00e4sche Ma\u00dfe: ca. 63 \u00d7 44 \u00d7 30 cm Farbe: anthrazit<\/p>\n","protected":false},"featured_media":46935,"comment_status":"closed","ping_status":"open","template":"","meta":[],"product_cat":[14208],"product_tag":[],"class_list":{"0":"post-46934","1":"product","2":"type-product","3":"status-publish","4":"has-post-thumbnail","6":"product_cat-liegehoehlen-betten-koerbe-haeuser-hoehlenhundewelt","8":"first","9":"instock","10":"taxable","11":"shipping-taxable","12":"purchasable","13":"product-type-simple"},"_links":{"self":[{"href":"https:\/\/all-pets.de\/shop\/wp-json\/wp\/v2\/product\/46934","targetHints":{"allow":["GET"]}}],"collection":[{"href":"https:\/\/all-pets.de\/shop\/wp-json\/wp\/v2\/product"}],"about":[{"href":"https:\/\/all-pets.de\/shop\/wp-json\/wp\/v2\/types\/product"}],"replies":[{"embeddable":true,"href":"https:\/\/all-pets.de\/shop\/wp-json\/wp\/v2\/comments?post=46934"}],"wp:featuredmedia":[{"embeddable":true,"href":"https:\/\/all-pets.de\/shop\/wp-json\/wp\/v2\/media\/46935"}],"wp:attachment":[{"href":"https:\/\/all-pets.de\/shop\/wp-json\/wp\/v2\/media?parent=46934"}],"wp:term":[{"taxonomy":"product_cat","embeddable":true,"href":"https:\/\/all-pets.de\/shop\/wp-json\/wp\/v2\/product_cat?post=46934"},{"taxonomy":"product_tag","embeddable":true,"href":"https:\/\/all-pets.de\/shop\/wp-json\/wp\/v2\/product_tag?post=46934"}],"curies":[{"name":"wp","href":"https:\/\/api.w.org\/{rel}","templated":true}]}}