{"id":46938,"date":"2023-12-12T10:53:18","date_gmt":"2023-12-12T09:53:18","guid":{"rendered":"https:\/\/pet-shopping.de\/shop\/produkt\/kerbl-hundepool-80-cm\/"},"modified":"2023-12-12T10:53:24","modified_gmt":"2023-12-12T09:53:24","slug":"kerbl-hundepool-80-cm","status":"publish","type":"product","link":"https:\/\/all-pets.de\/shop\/produkt\/kerbl-hundepool-80-cm\/","title":{"rendered":"Kerbl Hundepool &#8211; 80 cm"},"content":{"rendered":"<p>Zur Abk\u00fchlung an hei\u00dfen Sommertagen f\u00fcr die Wasserratten unter den Hunden!<\/p>\n<p>Der robuste Kunststoffhundepool l\u00e4sst sich blitzschnell ohne Luftpumpe aufbauen und ist leicht zu reinigen.<\/p>\n<p>Einfache Entleerung durch das Wasser-Ablassventil. Der Pool fasst maximal 100 Liter Wasser.<\/p>\n<p>Der Spa\u00dfeffekt f\u00fcr Ihren Liebling ist garantiert!<\/p>\n<p>Durchmesser: ca. 80 cm<br \/> H\u00f6he: ca. 20 cm<br \/> Farbe: Blau<\/p>\n","protected":false},"excerpt":{"rendered":"<p>Zur Abk\u00fchlung an hei\u00dfen Sommertagen f\u00fcr die Wasserratten unter den Hunden! Der robuste Kunststoffhundepool l\u00e4sst sich blitzschnell ohne Luftpumpe aufbauen und ist leicht zu reinigen. Einfache Entleerung durch das Wasser-Ablassventil. Der Pool fasst maximal 100 Liter Wasser. Der Spa\u00dfeffekt f\u00fcr Ihren Liebling ist garantiert! Durchmesser: ca. 80 cm H\u00f6he: ca. 20 cm Farbe: Blau<\/p>\n","protected":false},"featured_media":18902,"comment_status":"closed","ping_status":"open","template":"","meta":[],"product_cat":[14609],"product_tag":[],"class_list":{"0":"post-46938","1":"product","2":"type-product","3":"status-publish","4":"has-post-thumbnail","6":"product_cat-aqua-spielzeug-hundespielzeug-sport-weitere-spielzeugehundewelt-hundespielzeug-sport-swimmingpoolshundewelt","8":"first","9":"instock","10":"taxable","11":"shipping-taxable","12":"purchasable","13":"product-type-simple"},"_links":{"self":[{"href":"https:\/\/all-pets.de\/shop\/wp-json\/wp\/v2\/product\/46938","targetHints":{"allow":["GET"]}}],"collection":[{"href":"https:\/\/all-pets.de\/shop\/wp-json\/wp\/v2\/product"}],"about":[{"href":"https:\/\/all-pets.de\/shop\/wp-json\/wp\/v2\/types\/product"}],"replies":[{"embeddable":true,"href":"https:\/\/all-pets.de\/shop\/wp-json\/wp\/v2\/comments?post=46938"}],"wp:featuredmedia":[{"embeddable":true,"href":"https:\/\/all-pets.de\/shop\/wp-json\/wp\/v2\/media\/18902"}],"wp:attachment":[{"href":"https:\/\/all-pets.de\/shop\/wp-json\/wp\/v2\/media?parent=46938"}],"wp:term":[{"taxonomy":"product_cat","embeddable":true,"href":"https:\/\/all-pets.de\/shop\/wp-json\/wp\/v2\/product_cat?post=46938"},{"taxonomy":"product_tag","embeddable":true,"href":"https:\/\/all-pets.de\/shop\/wp-json\/wp\/v2\/product_tag?post=46938"}],"curies":[{"name":"wp","href":"https:\/\/api.w.org\/{rel}","templated":true}]}}