{"id":46939,"date":"2023-12-12T10:53:18","date_gmt":"2023-12-12T09:53:18","guid":{"rendered":"https:\/\/pet-shopping.de\/shop\/produkt\/trixie-trolley-mit-abnehmbarem-fahrwerk\/"},"modified":"2023-12-12T10:53:24","modified_gmt":"2023-12-12T09:53:24","slug":"trixie-trolley-mit-abnehmbarem-fahrwerk","status":"publish","type":"product","link":"https:\/\/all-pets.de\/shop\/produkt\/trixie-trolley-mit-abnehmbarem-fahrwerk\/","title":{"rendered":"Trixie Trolley mit abnehmbarem Fahrwerk"},"content":{"rendered":"<p>Dieser Trolley ist der optimale Helfer zum Transport von kleinen Hunden und Katzen. Er besteht aus hochwertigem Nylon und ist mit einem komplett versenkbaren Teleskopgriff zum Ziehen auf l\u00e4ngeren Wegen ausgestattet. Die Tasche kann komplett vom Fahrwerk abgenommen werden und ist mit Tragegriffen best\u00fcckt. So kann die Tasche auch einzeln als normale Tragetasche bzw. Transporth\u00fctte verwendet werden.<\/p>\n<p>Die Tasche ist l\u00e4sst sich von vorne und von oben per Rei\u00dfverschluss \u00f6ffnen, um einen optimalen Zugriff zum Tier und ein einfaches Hineinsetzen des Tieres zu erm\u00f6glichen. An einer Seite des Trolleys ist ein praktisches Zusatzfach z.B. f\u00fcr Trinkflasche, Leckerlis, Spielzeug etc. vorhanden. Netzeins\u00e4tze vorne, hinten und oben sorgen f\u00fcr gute Luftzirkulation im Innern des Trolleys und eine herausnehmbare Bodenplatte mit kuscheligem Bezug in Lammfelloptik sorgt f\u00fcr Gem\u00fctlichkeit. Der Bezug der Bodenplatte ist per Rei\u00dfverschluss abnehmbar und kann bei 30\u00b0C per Handw\u00e4sche gereinigt werden. Das Nylonmaterial aus dem der Rest des Trolleys besteht kann einfach ausgewischt werden. Der komplette Trolley l\u00e4sst sich einfach platzsparend zusammenlegen und wird inklusive praktischer Aufbewahrungstasche geliefert, in der bei Nichtgebrauch alles verstaut werden kann.<br \/> Der Trolley eignet sich f\u00fcr Tiere bis zu 21 kg K\u00f6rpergewicht.<\/p>\n<p>Au\u00dfenma\u00dfe Trolley: ca. 65 x 38 x 44 cm (LxBxH)<br \/> H\u00f6he der Tasche ohne Fahrwerk: ca. 35 cm<br \/> Ma\u00dfe Liegefl\u00e4che: ca. 59 x 35 cm<br \/> Max. L\u00e4nge des Teleskopgriffs: 86 cm<br \/> Ma\u00dfe im eingepackten Zustand: ca. 70 x 39 x 16 cm<br \/> Farbe: Schwarz\/Grau<\/p>\n<p><\/p>\n","protected":false},"excerpt":{"rendered":"<p>Dieser Trolley ist der optimale Helfer zum Transport von kleinen Hunden und Katzen. Er besteht aus hochwertigem Nylon und ist mit einem komplett versenkbaren Teleskopgriff zum Ziehen auf l\u00e4ngeren Wegen ausgestattet. Die Tasche kann komplett vom Fahrwerk abgenommen werden und ist mit Tragegriffen best\u00fcckt. So kann die Tasche auch einzeln als normale Tragetasche bzw. Transporth\u00fctte [&hellip;]<\/p>\n","protected":false},"featured_media":46940,"comment_status":"closed","ping_status":"open","template":"","meta":[],"product_cat":[14613],"product_tag":[],"class_list":{"0":"post-46939","1":"product","2":"type-product","3":"status-publish","4":"has-post-thumbnail","6":"product_cat-trolleys-buggys-katzentransport-reise-2","8":"first","9":"instock","10":"taxable","11":"shipping-taxable","12":"purchasable","13":"product-type-simple"},"_links":{"self":[{"href":"https:\/\/all-pets.de\/shop\/wp-json\/wp\/v2\/product\/46939","targetHints":{"allow":["GET"]}}],"collection":[{"href":"https:\/\/all-pets.de\/shop\/wp-json\/wp\/v2\/product"}],"about":[{"href":"https:\/\/all-pets.de\/shop\/wp-json\/wp\/v2\/types\/product"}],"replies":[{"embeddable":true,"href":"https:\/\/all-pets.de\/shop\/wp-json\/wp\/v2\/comments?post=46939"}],"wp:featuredmedia":[{"embeddable":true,"href":"https:\/\/all-pets.de\/shop\/wp-json\/wp\/v2\/media\/46940"}],"wp:attachment":[{"href":"https:\/\/all-pets.de\/shop\/wp-json\/wp\/v2\/media?parent=46939"}],"wp:term":[{"taxonomy":"product_cat","embeddable":true,"href":"https:\/\/all-pets.de\/shop\/wp-json\/wp\/v2\/product_cat?post=46939"},{"taxonomy":"product_tag","embeddable":true,"href":"https:\/\/all-pets.de\/shop\/wp-json\/wp\/v2\/product_tag?post=46939"}],"curies":[{"name":"wp","href":"https:\/\/api.w.org\/{rel}","templated":true}]}}