{"id":46950,"date":"2023-12-12T10:53:18","date_gmt":"2023-12-12T09:53:18","guid":{"rendered":"https:\/\/pet-shopping.de\/shop\/produkt\/trixie-adventskalender-fuer-katzen\/"},"modified":"2023-12-12T10:53:26","modified_gmt":"2023-12-12T09:53:26","slug":"trixie-adventskalender-fuer-katzen","status":"publish","type":"product","link":"https:\/\/all-pets.de\/shop\/produkt\/trixie-adventskalender-fuer-katzen\/","title":{"rendered":"Trixie Adventskalender f\u00fcr Katzen"},"content":{"rendered":"<p>Mit diesem tollen vorweihnachtlichen Geschenk machen Sie Ihrem Liebling garantiert eine gro\u00dfe Freude! Und das jeden Tag bis Weihnachten!<\/p>\n<ul>\n<li>gef\u00fcllt mit diversen Leckereien<\/li>\n<li>ohne Zuckerzusatz<\/li>\n<li>Ma\u00dfe: 30 \u00d7 34 \u00d7 3,5 cm<\/li>\n<\/ul>\n","protected":false},"excerpt":{"rendered":"<p>Mit diesem tollen vorweihnachtlichen Geschenk machen Sie Ihrem Liebling garantiert eine gro\u00dfe Freude! Und das jeden Tag bis Weihnachten! gef\u00fcllt mit diversen Leckereien ohne Zuckerzusatz Ma\u00dfe: 30 \u00d7 34 \u00d7 3,5 cm<\/p>\n","protected":false},"featured_media":46951,"comment_status":"closed","ping_status":"open","template":"","meta":[],"product_cat":[14616],"product_tag":[],"class_list":{"0":"post-46950","1":"product","2":"type-product","3":"status-publish","4":"has-post-thumbnail","6":"product_cat-katzen-x-mas","8":"first","9":"instock","10":"taxable","11":"shipping-taxable","12":"purchasable","13":"product-type-simple"},"_links":{"self":[{"href":"https:\/\/all-pets.de\/shop\/wp-json\/wp\/v2\/product\/46950","targetHints":{"allow":["GET"]}}],"collection":[{"href":"https:\/\/all-pets.de\/shop\/wp-json\/wp\/v2\/product"}],"about":[{"href":"https:\/\/all-pets.de\/shop\/wp-json\/wp\/v2\/types\/product"}],"replies":[{"embeddable":true,"href":"https:\/\/all-pets.de\/shop\/wp-json\/wp\/v2\/comments?post=46950"}],"wp:featuredmedia":[{"embeddable":true,"href":"https:\/\/all-pets.de\/shop\/wp-json\/wp\/v2\/media\/46951"}],"wp:attachment":[{"href":"https:\/\/all-pets.de\/shop\/wp-json\/wp\/v2\/media?parent=46950"}],"wp:term":[{"taxonomy":"product_cat","embeddable":true,"href":"https:\/\/all-pets.de\/shop\/wp-json\/wp\/v2\/product_cat?post=46950"},{"taxonomy":"product_tag","embeddable":true,"href":"https:\/\/all-pets.de\/shop\/wp-json\/wp\/v2\/product_tag?post=46950"}],"curies":[{"name":"wp","href":"https:\/\/api.w.org\/{rel}","templated":true}]}}