{"id":46952,"date":"2023-12-12T10:53:27","date_gmt":"2023-12-12T09:53:27","guid":{"rendered":"https:\/\/pet-shopping.de\/shop\/produkt\/trixie-adventskalender-fuer-hunde\/"},"modified":"2023-12-12T10:53:27","modified_gmt":"2023-12-12T09:53:27","slug":"trixie-adventskalender-fuer-hunde","status":"publish","type":"product","link":"https:\/\/all-pets.de\/shop\/produkt\/trixie-adventskalender-fuer-hunde\/","title":{"rendered":"Trixie Adventskalender f\u00fcr Hunde"},"content":{"rendered":"<p>Mit diesem tollen vorweihnachtlichen Geschenk machen Sie Ihrem Liebling garantiert eine gro\u00dfe Freude! Und das jeden Tag bis Weihnachten!<\/p>\n<ul>\n<li>gef\u00fcllt mit diversen Leckereien<\/li>\n<li>Ma\u00dfe: 30 \u00d7 34 \u00d7 3,5 cm<\/li>\n<\/ul>\n","protected":false},"excerpt":{"rendered":"<p>Mit diesem tollen vorweihnachtlichen Geschenk machen Sie Ihrem Liebling garantiert eine gro\u00dfe Freude! Und das jeden Tag bis Weihnachten! gef\u00fcllt mit diversen Leckereien Ma\u00dfe: 30 \u00d7 34 \u00d7 3,5 cm<\/p>\n","protected":false},"featured_media":46953,"comment_status":"closed","ping_status":"open","template":"","meta":[],"product_cat":[14618],"product_tag":[],"class_list":{"0":"post-46952","1":"product","2":"type-product","3":"status-publish","4":"has-post-thumbnail","6":"product_cat-hunde-x-mas-trixiehundewelt-hundesnacks","8":"first","9":"instock","10":"taxable","11":"shipping-taxable","12":"purchasable","13":"product-type-simple"},"_links":{"self":[{"href":"https:\/\/all-pets.de\/shop\/wp-json\/wp\/v2\/product\/46952","targetHints":{"allow":["GET"]}}],"collection":[{"href":"https:\/\/all-pets.de\/shop\/wp-json\/wp\/v2\/product"}],"about":[{"href":"https:\/\/all-pets.de\/shop\/wp-json\/wp\/v2\/types\/product"}],"replies":[{"embeddable":true,"href":"https:\/\/all-pets.de\/shop\/wp-json\/wp\/v2\/comments?post=46952"}],"wp:featuredmedia":[{"embeddable":true,"href":"https:\/\/all-pets.de\/shop\/wp-json\/wp\/v2\/media\/46953"}],"wp:attachment":[{"href":"https:\/\/all-pets.de\/shop\/wp-json\/wp\/v2\/media?parent=46952"}],"wp:term":[{"taxonomy":"product_cat","embeddable":true,"href":"https:\/\/all-pets.de\/shop\/wp-json\/wp\/v2\/product_cat?post=46952"},{"taxonomy":"product_tag","embeddable":true,"href":"https:\/\/all-pets.de\/shop\/wp-json\/wp\/v2\/product_tag?post=46952"}],"curies":[{"name":"wp","href":"https:\/\/api.w.org\/{rel}","templated":true}]}}