{"id":46954,"date":"2023-12-12T10:53:27","date_gmt":"2023-12-12T09:53:27","guid":{"rendered":"https:\/\/pet-shopping.de\/shop\/produkt\/zeus-trinkbrunnen-h2eau-6l-hellblau\/"},"modified":"2023-12-12T10:53:28","modified_gmt":"2023-12-12T09:53:28","slug":"zeus-trinkbrunnen-h2eau-6l-hellblau","status":"publish","type":"product","link":"https:\/\/all-pets.de\/shop\/produkt\/zeus-trinkbrunnen-h2eau-6l-hellblau\/","title":{"rendered":"ZEUS Trinkbrunnen H2EAU 6L &#8211; Hellblau"},"content":{"rendered":"<ul>\n<li>Volumen: 6 Liter<\/li>\n<li>F\u00fcr frisches, besser schmeckendes gefiltertes Wasser<\/li>\n<li>Regt Heimtiere zum Trinken an<\/li>\n<li>Auch f\u00fcr Katzen geeignet<\/li>\n<\/ul>\n<div> Wie wir Menschen brauchen auch Tiere Wasser als lebenswichtigen Bestandteil ihrer Ern\u00e4hrung. Da der K\u00f6rper eines Hundes zu etwa 70% aus Wasser besteht, ist es zum Erhalt von Gesundheit, Wohlbefinden und Nierenfunktion der Tiere unbedingt notwendig, sie dazu zu ermuntern, ihre Reserven wieder aufzuf\u00fcllen.<\/div>\n<div>\u00a0<\/div>\n<div>Der Trinkbrunnen erf\u00fcllt das Bed\u00fcrfnis Ihres Haustieres nach einem kontinuierlichen Zugang zu frischem, sauberem Trinkwasser. Zirkulierendes Wasser, das mehr Sauerstoff aufnehmen kann, bietet Ihrem Haustier frisch schmeckendes, k\u00fchles, gefiltertes Trinkwasser mit einer Vielzahl gesundheitlicher Vorz\u00fcge.<\/div>\n<div>\u00a0<\/div>\n<div>Wenn Sie Ihr Haustier dazu ermuntern, mehr Wasser zu trinken, helfen Sie dabei, einer Bildung von Kristallen vorzubeugen, die zu Harnwegserkrankungen und f\u00fchren k\u00f6nnten. Das Pl\u00e4tschern animiert Ihr Haustier zum h\u00e4ufigen Trinken.<\/p>\n<p>Ma\u00dfe: ca. <span class=\"entry--content\">18 x 31 x 25,5 cm <\/span><\/div>\n","protected":false},"excerpt":{"rendered":"<p>Volumen: 6 Liter F\u00fcr frisches, besser schmeckendes gefiltertes Wasser Regt Heimtiere zum Trinken an Auch f\u00fcr Katzen geeignet Wie wir Menschen brauchen auch Tiere Wasser als lebenswichtigen Bestandteil ihrer Ern\u00e4hrung. Da der K\u00f6rper eines Hundes zu etwa 70% aus Wasser besteht, ist es zum Erhalt von Gesundheit, Wohlbefinden und Nierenfunktion der Tiere unbedingt notwendig, sie [&hellip;]<\/p>\n","protected":false},"featured_media":17927,"comment_status":"closed","ping_status":"open","template":"","meta":[],"product_cat":[13770],"product_tag":[],"class_list":{"0":"post-46954","1":"product","2":"type-product","3":"status-publish","4":"has-post-thumbnail","6":"product_cat-katzentraenken-trinkbrunnen","8":"first","9":"instock","10":"taxable","11":"shipping-taxable","12":"purchasable","13":"product-type-simple"},"_links":{"self":[{"href":"https:\/\/all-pets.de\/shop\/wp-json\/wp\/v2\/product\/46954","targetHints":{"allow":["GET"]}}],"collection":[{"href":"https:\/\/all-pets.de\/shop\/wp-json\/wp\/v2\/product"}],"about":[{"href":"https:\/\/all-pets.de\/shop\/wp-json\/wp\/v2\/types\/product"}],"replies":[{"embeddable":true,"href":"https:\/\/all-pets.de\/shop\/wp-json\/wp\/v2\/comments?post=46954"}],"wp:featuredmedia":[{"embeddable":true,"href":"https:\/\/all-pets.de\/shop\/wp-json\/wp\/v2\/media\/17927"}],"wp:attachment":[{"href":"https:\/\/all-pets.de\/shop\/wp-json\/wp\/v2\/media?parent=46954"}],"wp:term":[{"taxonomy":"product_cat","embeddable":true,"href":"https:\/\/all-pets.de\/shop\/wp-json\/wp\/v2\/product_cat?post=46954"},{"taxonomy":"product_tag","embeddable":true,"href":"https:\/\/all-pets.de\/shop\/wp-json\/wp\/v2\/product_tag?post=46954"}],"curies":[{"name":"wp","href":"https:\/\/api.w.org\/{rel}","templated":true}]}}