{"id":46959,"date":"2023-12-12T10:53:27","date_gmt":"2023-12-12T09:53:27","guid":{"rendered":"https:\/\/pet-shopping.de\/shop\/produkt\/trixie-premio-lachscreme-110g\/"},"modified":"2023-12-12T10:53:28","modified_gmt":"2023-12-12T09:53:28","slug":"trixie-premio-lachscreme-110g","status":"publish","type":"product","link":"https:\/\/all-pets.de\/shop\/produkt\/trixie-premio-lachscreme-110g\/","title":{"rendered":"Trixie Premio Lachscreme &#8211; 110g"},"content":{"rendered":"<p>Erg\u00e4nzungfuttermittel f\u00fcr Hunde<\/p>\n<p>Die Premio Lachscreme ist ein echetr Leckerbissen f\u00fcr Hunde und besitzt einen hohen Belohnungseffekt. Der Fischgehalt der Paste betr\u00e4gt mindestens 35% (Lachs) und die Creme ist ohne Zusatz von Zucker!<\/p>\n<p>Durch die Tube ist die Creme sauber dosierbar. Kann auch super das Abreichen von Medikamenten erleichtern.<\/p>\n<p>Zusammensetzung: Lachsbr\u00fche, Lachsfleisch (35%), Raps\u00f6l, Milcheiwei\u00dfpulver, H\u00fchnereiwei\u00dfpulver.<\/p>\n<p>Inhaltsstoffe: Rohfett 15,6%  Rohprotein 8,4%, Rohasche 1,3%, Rohfaser 1,0%  Feuchtigkeit 70,9%.<\/p>\n<p>Inhalt: 110 g<\/p>\n","protected":false},"excerpt":{"rendered":"<p>Erg\u00e4nzungfuttermittel f\u00fcr Hunde Die Premio Lachscreme ist ein echetr Leckerbissen f\u00fcr Hunde und besitzt einen hohen Belohnungseffekt. Der Fischgehalt der Paste betr\u00e4gt mindestens 35% (Lachs) und die Creme ist ohne Zusatz von Zucker! Durch die Tube ist die Creme sauber dosierbar. Kann auch super das Abreichen von Medikamenten erleichtern. Zusammensetzung: Lachsbr\u00fche, Lachsfleisch (35%), Raps\u00f6l, Milcheiwei\u00dfpulver, [&hellip;]<\/p>\n","protected":false},"featured_media":17464,"comment_status":"closed","ping_status":"open","template":"","meta":[],"product_cat":[13809],"product_tag":[],"class_list":{"0":"post-46959","1":"product","2":"type-product","3":"status-publish","4":"has-post-thumbnail","6":"product_cat-trixie","8":"first","9":"instock","10":"taxable","11":"shipping-taxable","12":"purchasable","13":"product-type-simple"},"_links":{"self":[{"href":"https:\/\/all-pets.de\/shop\/wp-json\/wp\/v2\/product\/46959","targetHints":{"allow":["GET"]}}],"collection":[{"href":"https:\/\/all-pets.de\/shop\/wp-json\/wp\/v2\/product"}],"about":[{"href":"https:\/\/all-pets.de\/shop\/wp-json\/wp\/v2\/types\/product"}],"replies":[{"embeddable":true,"href":"https:\/\/all-pets.de\/shop\/wp-json\/wp\/v2\/comments?post=46959"}],"wp:featuredmedia":[{"embeddable":true,"href":"https:\/\/all-pets.de\/shop\/wp-json\/wp\/v2\/media\/17464"}],"wp:attachment":[{"href":"https:\/\/all-pets.de\/shop\/wp-json\/wp\/v2\/media?parent=46959"}],"wp:term":[{"taxonomy":"product_cat","embeddable":true,"href":"https:\/\/all-pets.de\/shop\/wp-json\/wp\/v2\/product_cat?post=46959"},{"taxonomy":"product_tag","embeddable":true,"href":"https:\/\/all-pets.de\/shop\/wp-json\/wp\/v2\/product_tag?post=46959"}],"curies":[{"name":"wp","href":"https:\/\/api.w.org\/{rel}","templated":true}]}}