{"id":46963,"date":"2023-12-12T10:53:27","date_gmt":"2023-12-12T09:53:27","guid":{"rendered":"https:\/\/pet-shopping.de\/shop\/produkt\/trixie-soft-snack-happy-mix-500g-eimer\/"},"modified":"2023-12-12T10:53:28","modified_gmt":"2023-12-12T09:53:28","slug":"trixie-soft-snack-happy-mix-500g-eimer","status":"publish","type":"product","link":"https:\/\/all-pets.de\/shop\/produkt\/trixie-soft-snack-happy-mix-500g-eimer\/","title":{"rendered":"Trixie Soft Snack Happy Mix 500g Eimer"},"content":{"rendered":"<p>Erg\u00e4nzungsfuttermittel f\u00fcr Hunde<\/p>\n<p>Leckere Belohnungssnacks mit Huhn, Lamm und Lachs. Ohne Zuckerzusatz und praktisch verpackt im wieder verschlie\u00dfbaren Kunststoffeimer.<\/p>\n<p>Zusammensetzung: Getreide (4% Reis), Fleisch und tierische Nebenerzeugnisse (4% Huhn, 4% Lamm, 4% Lachs), pflanzliche Nebenerzeugnisse, \u00d6le und Fette.<\/p>\n<p>Inhaltsstoffe: Rohprotein 20,0%  Rohfett 6,0%  Rohasche 3,0%  Rohfaser 3,0%  Feuchtigkeit 18,0%.<br \/> Farb- und Konservierungsstoffe (EG-Zusatzstoffe).<\n\nInhalt: 500g\n<\/p>\n","protected":false},"excerpt":{"rendered":"<p>Erg\u00e4nzungsfuttermittel f\u00fcr Hunde Leckere Belohnungssnacks mit Huhn, Lamm und Lachs. Ohne Zuckerzusatz und praktisch verpackt im wieder verschlie\u00dfbaren Kunststoffeimer. Zusammensetzung: Getreide (4% Reis), Fleisch und tierische Nebenerzeugnisse (4% Huhn, 4% Lamm, 4% Lachs), pflanzliche Nebenerzeugnisse, \u00d6le und Fette. Inhaltsstoffe: Rohprotein 20,0% Rohfett 6,0% Rohasche 3,0% Rohfaser 3,0% Feuchtigkeit 18,0%. Farb- und Konservierungsstoffe (EG-Zusatzstoffe).< Inhalt: 500g\n<\/p>\n","protected":false},"featured_media":23206,"comment_status":"closed","ping_status":"open","template":"","meta":[],"product_cat":[13809],"product_tag":[],"class_list":{"0":"post-46963","1":"product","2":"type-product","3":"status-publish","4":"has-post-thumbnail","6":"product_cat-trixie","8":"first","9":"instock","10":"taxable","11":"shipping-taxable","12":"purchasable","13":"product-type-simple"},"_links":{"self":[{"href":"https:\/\/all-pets.de\/shop\/wp-json\/wp\/v2\/product\/46963","targetHints":{"allow":["GET"]}}],"collection":[{"href":"https:\/\/all-pets.de\/shop\/wp-json\/wp\/v2\/product"}],"about":[{"href":"https:\/\/all-pets.de\/shop\/wp-json\/wp\/v2\/types\/product"}],"replies":[{"embeddable":true,"href":"https:\/\/all-pets.de\/shop\/wp-json\/wp\/v2\/comments?post=46963"}],"wp:featuredmedia":[{"embeddable":true,"href":"https:\/\/all-pets.de\/shop\/wp-json\/wp\/v2\/media\/23206"}],"wp:attachment":[{"href":"https:\/\/all-pets.de\/shop\/wp-json\/wp\/v2\/media?parent=46963"}],"wp:term":[{"taxonomy":"product_cat","embeddable":true,"href":"https:\/\/all-pets.de\/shop\/wp-json\/wp\/v2\/product_cat?post=46963"},{"taxonomy":"product_tag","embeddable":true,"href":"https:\/\/all-pets.de\/shop\/wp-json\/wp\/v2\/product_tag?post=46963"}],"curies":[{"name":"wp","href":"https:\/\/api.w.org\/{rel}","templated":true}]}}