{"id":46967,"date":"2023-12-12T10:53:27","date_gmt":"2023-12-12T09:53:27","guid":{"rendered":"https:\/\/pet-shopping.de\/shop\/produkt\/trixie-jojoba-spray-175ml\/"},"modified":"2023-12-12T10:53:29","modified_gmt":"2023-12-12T09:53:29","slug":"trixie-jojoba-spray-175ml","status":"publish","type":"product","link":"https:\/\/all-pets.de\/shop\/produkt\/trixie-jojoba-spray-175ml\/","title":{"rendered":"Trixie Jojoba-Spray 175ml"},"content":{"rendered":"<p>Verleiht dem Fell einen seidigen Glanz, F\u00fclle und Geschmeidigkeit.<\/p>\n<p>Mit echtem, nat\u00fcrlichem Jojoba-\u00d6l.<\/p>\n<p>F\u00fcr alle Haartypen geeignet.<\/p>\n<p>Erleichtert das K\u00e4mmen, daher auch ideal f\u00fcr langhaarige Hunde.<\/p>\n<p> Inhaltsstoffe:<br \/> Ethanol, Water, Fragrance, Jojobal Oil, Isopropyl Myristate.<\/p>\n<p> Inhalt: 175 ml<\/p>\n","protected":false},"excerpt":{"rendered":"<p>Verleiht dem Fell einen seidigen Glanz, F\u00fclle und Geschmeidigkeit. Mit echtem, nat\u00fcrlichem Jojoba-\u00d6l. F\u00fcr alle Haartypen geeignet. Erleichtert das K\u00e4mmen, daher auch ideal f\u00fcr langhaarige Hunde. Inhaltsstoffe: Ethanol, Water, Fragrance, Jojobal Oil, Isopropyl Myristate. Inhalt: 175 ml<\/p>\n","protected":false},"featured_media":23197,"comment_status":"closed","ping_status":"open","template":"","meta":[],"product_cat":[14391],"product_tag":[],"class_list":{"0":"post-46967","1":"product","2":"type-product","3":"status-publish","4":"has-post-thumbnail","6":"product_cat-fellpflegeprodukte-fellpflege-pflege-gesundheit-hundewelt","8":"first","9":"instock","10":"taxable","11":"shipping-taxable","12":"purchasable","13":"product-type-simple"},"_links":{"self":[{"href":"https:\/\/all-pets.de\/shop\/wp-json\/wp\/v2\/product\/46967","targetHints":{"allow":["GET"]}}],"collection":[{"href":"https:\/\/all-pets.de\/shop\/wp-json\/wp\/v2\/product"}],"about":[{"href":"https:\/\/all-pets.de\/shop\/wp-json\/wp\/v2\/types\/product"}],"replies":[{"embeddable":true,"href":"https:\/\/all-pets.de\/shop\/wp-json\/wp\/v2\/comments?post=46967"}],"wp:featuredmedia":[{"embeddable":true,"href":"https:\/\/all-pets.de\/shop\/wp-json\/wp\/v2\/media\/23197"}],"wp:attachment":[{"href":"https:\/\/all-pets.de\/shop\/wp-json\/wp\/v2\/media?parent=46967"}],"wp:term":[{"taxonomy":"product_cat","embeddable":true,"href":"https:\/\/all-pets.de\/shop\/wp-json\/wp\/v2\/product_cat?post=46967"},{"taxonomy":"product_tag","embeddable":true,"href":"https:\/\/all-pets.de\/shop\/wp-json\/wp\/v2\/product_tag?post=46967"}],"curies":[{"name":"wp","href":"https:\/\/api.w.org\/{rel}","templated":true}]}}