{"id":46968,"date":"2023-12-12T10:53:27","date_gmt":"2023-12-12T09:53:27","guid":{"rendered":"https:\/\/pet-shopping.de\/shop\/produkt\/trixie-ersatzrollen-fuer-fusselrolle-2-stueck\/"},"modified":"2023-12-12T10:53:29","modified_gmt":"2023-12-12T09:53:29","slug":"trixie-ersatzrollen-fuer-fusselrolle-2-stueck","status":"publish","type":"product","link":"https:\/\/all-pets.de\/shop\/produkt\/trixie-ersatzrollen-fuer-fusselrolle-2-stueck\/","title":{"rendered":"Trixie Ersatzrollen f\u00fcr Fusselrolle &#8211; 2 St\u00fcck"},"content":{"rendered":"<p>2 Ersatzrollen mit jeweils 60 Klebebl\u00e4ttern passend zur Trixie Fusselrolle (Artikelnummer 23231-TRXI).<\/p>\n<p><\/p>\n","protected":false},"excerpt":{"rendered":"<p>2 Ersatzrollen mit jeweils 60 Klebebl\u00e4ttern passend zur Trixie Fusselrolle (Artikelnummer 23231-TRXI).<\/p>\n","protected":false},"featured_media":22437,"comment_status":"closed","ping_status":"open","template":"","meta":[],"product_cat":[13999],"product_tag":[],"class_list":{"0":"post-46968","1":"product","2":"type-product","3":"status-publish","4":"has-post-thumbnail","6":"product_cat-nuetzliche-helfer-haus-hof-fellpflegehundewelt-pflege-gesundheit-reinigen-trocknenkleintierwelt","8":"first","9":"instock","10":"taxable","11":"shipping-taxable","12":"purchasable","13":"product-type-simple"},"_links":{"self":[{"href":"https:\/\/all-pets.de\/shop\/wp-json\/wp\/v2\/product\/46968","targetHints":{"allow":["GET"]}}],"collection":[{"href":"https:\/\/all-pets.de\/shop\/wp-json\/wp\/v2\/product"}],"about":[{"href":"https:\/\/all-pets.de\/shop\/wp-json\/wp\/v2\/types\/product"}],"replies":[{"embeddable":true,"href":"https:\/\/all-pets.de\/shop\/wp-json\/wp\/v2\/comments?post=46968"}],"wp:featuredmedia":[{"embeddable":true,"href":"https:\/\/all-pets.de\/shop\/wp-json\/wp\/v2\/media\/22437"}],"wp:attachment":[{"href":"https:\/\/all-pets.de\/shop\/wp-json\/wp\/v2\/media?parent=46968"}],"wp:term":[{"taxonomy":"product_cat","embeddable":true,"href":"https:\/\/all-pets.de\/shop\/wp-json\/wp\/v2\/product_cat?post=46968"},{"taxonomy":"product_tag","embeddable":true,"href":"https:\/\/all-pets.de\/shop\/wp-json\/wp\/v2\/product_tag?post=46968"}],"curies":[{"name":"wp","href":"https:\/\/api.w.org\/{rel}","templated":true}]}}