{"id":46971,"date":"2023-12-12T10:53:27","date_gmt":"2023-12-12T09:53:27","guid":{"rendered":"https:\/\/pet-shopping.de\/shop\/produkt\/trixie-kuschelbett-fuer-nager-ca-25-cm\/"},"modified":"2023-12-12T10:53:29","modified_gmt":"2023-12-12T09:53:29","slug":"trixie-kuschelbett-fuer-nager-ca-25-cm","status":"publish","type":"product","link":"https:\/\/all-pets.de\/shop\/produkt\/trixie-kuschelbett-fuer-nager-ca-25-cm\/","title":{"rendered":"Trixie Kuschelbett f\u00fcr Nager &#8211; ca. 25 cm"},"content":{"rendered":"<p>Das extra gro\u00dfe Kuschelbett eignet sich f\u00fcr alle Arten von Nagern und Kleintieren, wie z.B. Ratten und Chinchillas.<\/p>\n<p>Das Bett besteht aus Nylon und Lammfellimitat mit einer Polyestervliesf\u00fcllung und l\u00e4sst sich mithilfe der stufenlos verstellbaren und abnehmbaren Nylongurte in jedem K\u00e4figgitter einh\u00e4ngen. Das Bett ist wendbar und mit einem verst\u00e4rkten Boden (durch Pappeinlage) ausgestattet. Es kann bei 30\u00b0 per Handw\u00e4sche gereinigt werden.<\/p>\n<p>Durchmesser: ca. 25 cm<br \/> H\u00f6he: ca. 8 cm<\/p>\n<p>Eine Farbwahl ist leider nicht m\u00f6glich, da die Farbe je nach Lagerbestand gew\u00e4hlt wird. M\u00f6gliche Farben sind Braun-Natur und Gr\u00fcn-Grau.<\/p>\n","protected":false},"excerpt":{"rendered":"<p>Das extra gro\u00dfe Kuschelbett eignet sich f\u00fcr alle Arten von Nagern und Kleintieren, wie z.B. Ratten und Chinchillas. Das Bett besteht aus Nylon und Lammfellimitat mit einer Polyestervliesf\u00fcllung und l\u00e4sst sich mithilfe der stufenlos verstellbaren und abnehmbaren Nylongurte in jedem K\u00e4figgitter einh\u00e4ngen. Das Bett ist wendbar und mit einem verst\u00e4rkten Boden (durch Pappeinlage) ausgestattet. Es [&hellip;]<\/p>\n","protected":false},"featured_media":17371,"comment_status":"closed","ping_status":"open","template":"","meta":[],"product_cat":[13841],"product_tag":[],"class_list":{"0":"post-46971","1":"product","2":"type-product","3":"status-publish","4":"has-post-thumbnail","6":"product_cat-betten-haengematten","8":"first","9":"instock","10":"taxable","11":"shipping-taxable","12":"purchasable","13":"product-type-simple"},"_links":{"self":[{"href":"https:\/\/all-pets.de\/shop\/wp-json\/wp\/v2\/product\/46971","targetHints":{"allow":["GET"]}}],"collection":[{"href":"https:\/\/all-pets.de\/shop\/wp-json\/wp\/v2\/product"}],"about":[{"href":"https:\/\/all-pets.de\/shop\/wp-json\/wp\/v2\/types\/product"}],"replies":[{"embeddable":true,"href":"https:\/\/all-pets.de\/shop\/wp-json\/wp\/v2\/comments?post=46971"}],"wp:featuredmedia":[{"embeddable":true,"href":"https:\/\/all-pets.de\/shop\/wp-json\/wp\/v2\/media\/17371"}],"wp:attachment":[{"href":"https:\/\/all-pets.de\/shop\/wp-json\/wp\/v2\/media?parent=46971"}],"wp:term":[{"taxonomy":"product_cat","embeddable":true,"href":"https:\/\/all-pets.de\/shop\/wp-json\/wp\/v2\/product_cat?post=46971"},{"taxonomy":"product_tag","embeddable":true,"href":"https:\/\/all-pets.de\/shop\/wp-json\/wp\/v2\/product_tag?post=46971"}],"curies":[{"name":"wp","href":"https:\/\/api.w.org\/{rel}","templated":true}]}}