{"id":46979,"date":"2023-12-12T10:53:30","date_gmt":"2023-12-12T09:53:30","guid":{"rendered":"https:\/\/pet-shopping.de\/shop\/produkt\/jr-grainless-mix-zwergkaninchen-650g\/"},"modified":"2023-12-12T10:53:31","modified_gmt":"2023-12-12T09:53:31","slug":"jr-grainless-mix-zwergkaninchen-650g","status":"publish","type":"product","link":"https:\/\/all-pets.de\/shop\/produkt\/jr-grainless-mix-zwergkaninchen-650g\/","title":{"rendered":"JR Grainless Mix Zwergkaninchen 650g"},"content":{"rendered":"<p>Alleinfuttermittel f\u00fcr Zwergkaninchen.<\/p>\n<p>Grainless Mix ist die rohfaserreiche Kombination aus schonend gepressten Quad-Bits und einer Mischung aus langfaserigen Kr\u00e4utern und Gem\u00fcse. Grainless Mix ist auch ideal f\u00fcr die Umstellungszeit auf eine Vollern\u00e4hrung mit Grainless Complete.<\/p>\n<p>F\u00fctterungsempfehlung:<\/p>\n<p>Futternapf erst auff\u00fcllen, wenn fast restlos leer. Bitte t\u00e4glich maximal soviel Futter verabreichen, wie in 24 Stunden komplett gefressen wird. Zus\u00e4tzlich zu Grainless muss immer ausreichend frisches Wasser und Heu zur Verf\u00fcgung stehen.<\/p>\n<p>Zusammensetzung:<\/p>\n<p>Aufwuchs von Dauergr\u00fcnland der Alpenvorlandwiesen (bestehend unter anderem aus Wiesen-Lieschgras [Timothy-Gras], Fuchsschwanz, Glatthafer, Knaulgras, Flaumhafer, Wiesenrispe, Rotklee, Scharfer Hahnenfu\u00df, Ruchgras, Wolliges Honiggras, Goldhafer, Schmalbl\u00e4ttrige Wicke, Hopfen-Schneckenklee, L\u00f6wenzahn, Spitzwegerich, Wiesen-Schl\u00fcsselblume, Margerite, G\u00e4nsebl\u00fcmchen, Gro\u00dfe Bibernelle, Wiesenlabkraut, Pastinake, Sauerampfer, Gamander-Ehrenpreis, Gew\u00f6hnliches Hornkraut, Deutsches Weidelgras, Weiche Trespe, Vogelwicke, Zaunwicke,<\/p>\n<p>Dreiz\u00e4hniges Knabenkraut, Knolliger Hahnenfu\u00df, Kleiner Klappertopf, Wiesenkerbel, Schafgarbe), Erbsenflocken, Brennnessel, Karotten 5%, Spitzwegerich, Ackerbohnenflocken, Pastinaken, Pfefferminze, Fenchelsaat, Brennnesselwurzeln, Ringelblumenbl\u00fcten, Erdbeerbl\u00e4tter, Kamillenbl\u00fcten, Rote Beete, Melisse, Leinsaat, Schwarzk\u00fcmmel, Petersilie, Apfel, L\u00f6wenzahn<\/p>\n<p>Zusatzstoffe:<\/p>\n<p>ern\u00e4hrungsphysiologische Zusatzstoffe: Vitamin A 3640 i.E., Vitamin C 182 mg, Vitamin D3 252 i.E., Vitamin E 22,4 mg, Spurenelemente (Eisen 182 mg, Kupfer 3,5 mg, Mangan 14 mg, Zink 21 mg, Jod 0,34 mg, Selen 0,07 mg)<\/p>\n<p>Analytische Bestandteile:<\/p>\n<p>Protein 13,0%, Fettgehalt 3,5%, Rohfaser 19,0%, Rohasche 11,3%,<\/p>\n<p>Calcium 0,9%, Phosphor 0,4%<\/p>\n<p>650 g<\/p>\n","protected":false},"excerpt":{"rendered":"<p>Alleinfuttermittel f\u00fcr Zwergkaninchen. Grainless Mix ist die rohfaserreiche Kombination aus schonend gepressten Quad-Bits und einer Mischung aus langfaserigen Kr\u00e4utern und Gem\u00fcse. Grainless Mix ist auch ideal f\u00fcr die Umstellungszeit auf eine Vollern\u00e4hrung mit Grainless Complete. F\u00fctterungsempfehlung: Futternapf erst auff\u00fcllen, wenn fast restlos leer. Bitte t\u00e4glich maximal soviel Futter verabreichen, wie in 24 Stunden komplett gefressen [&hellip;]<\/p>\n","protected":false},"featured_media":32436,"comment_status":"closed","ping_status":"open","template":"","meta":[],"product_cat":[14620],"product_tag":[],"class_list":{"0":"post-46979","1":"product","2":"type-product","3":"status-publish","4":"has-post-thumbnail","6":"product_cat-jr-farm-kleintierfutter-snacks-zwergkaninchenkleintierwelt-kleintierfutter-snacks","8":"first","9":"instock","10":"taxable","11":"shipping-taxable","12":"purchasable","13":"product-type-simple"},"_links":{"self":[{"href":"https:\/\/all-pets.de\/shop\/wp-json\/wp\/v2\/product\/46979","targetHints":{"allow":["GET"]}}],"collection":[{"href":"https:\/\/all-pets.de\/shop\/wp-json\/wp\/v2\/product"}],"about":[{"href":"https:\/\/all-pets.de\/shop\/wp-json\/wp\/v2\/types\/product"}],"replies":[{"embeddable":true,"href":"https:\/\/all-pets.de\/shop\/wp-json\/wp\/v2\/comments?post=46979"}],"wp:featuredmedia":[{"embeddable":true,"href":"https:\/\/all-pets.de\/shop\/wp-json\/wp\/v2\/media\/32436"}],"wp:attachment":[{"href":"https:\/\/all-pets.de\/shop\/wp-json\/wp\/v2\/media?parent=46979"}],"wp:term":[{"taxonomy":"product_cat","embeddable":true,"href":"https:\/\/all-pets.de\/shop\/wp-json\/wp\/v2\/product_cat?post=46979"},{"taxonomy":"product_tag","embeddable":true,"href":"https:\/\/all-pets.de\/shop\/wp-json\/wp\/v2\/product_tag?post=46979"}],"curies":[{"name":"wp","href":"https:\/\/api.w.org\/{rel}","templated":true}]}}