{"id":46980,"date":"2023-12-12T10:53:30","date_gmt":"2023-12-12T09:53:30","guid":{"rendered":"https:\/\/pet-shopping.de\/shop\/produkt\/jr-farm-knabber-moehre-60g\/"},"modified":"2023-12-12T10:53:31","modified_gmt":"2023-12-12T09:53:31","slug":"jr-farm-knabber-moehre-60g","status":"publish","type":"product","link":"https:\/\/all-pets.de\/shop\/produkt\/jr-farm-knabber-moehre-60g\/","title":{"rendered":"JR Farm Knabber-M\u00f6hre 60g"},"content":{"rendered":"<p>Erg\u00e4nzungsfuttermittel f\u00fcr alle Nager und Zwergkaninchen.<\/p>\n<p>Lustiger Knabberspa\u00df aus leckeren Karottenw\u00fcrfeln zum Aufh\u00e4ngen. Mit vielen Vitaminen!<\/p>\n<p>F\u00fctterungsempfehlung:<\/p>\n<p>Je nach Gr\u00f6\u00dfe des Tieres w\u00f6chentlich 1-2 Knabber-M\u00f6hren reichen.<\/p>\n<p>Zusammensetzung:<\/p>\n<p>Karotten 75%, St\u00e4rke.<\/p>\n<p>60 g<\/p>\n","protected":false},"excerpt":{"rendered":"<p>Erg\u00e4nzungsfuttermittel f\u00fcr alle Nager und Zwergkaninchen. Lustiger Knabberspa\u00df aus leckeren Karottenw\u00fcrfeln zum Aufh\u00e4ngen. Mit vielen Vitaminen! F\u00fctterungsempfehlung: Je nach Gr\u00f6\u00dfe des Tieres w\u00f6chentlich 1-2 Knabber-M\u00f6hren reichen. Zusammensetzung: Karotten 75%, St\u00e4rke. 60 g<\/p>\n","protected":false},"featured_media":32438,"comment_status":"closed","ping_status":"open","template":"","meta":[],"product_cat":[14633],"product_tag":[],"class_list":{"0":"post-46980","1":"product","2":"type-product","3":"status-publish","4":"has-post-thumbnail","6":"product_cat-jr-farm-kleintierfutter-snacks-meerschweinchenkleintierwelt-kleintierfutter-snacks-zwergkaninchenkleintierwelt-kleintierfutter-snacks-chinchillakleintierwelt-kleintierfutter-snacks-2","8":"first","9":"instock","10":"taxable","11":"shipping-taxable","12":"purchasable","13":"product-type-simple"},"_links":{"self":[{"href":"https:\/\/all-pets.de\/shop\/wp-json\/wp\/v2\/product\/46980","targetHints":{"allow":["GET"]}}],"collection":[{"href":"https:\/\/all-pets.de\/shop\/wp-json\/wp\/v2\/product"}],"about":[{"href":"https:\/\/all-pets.de\/shop\/wp-json\/wp\/v2\/types\/product"}],"replies":[{"embeddable":true,"href":"https:\/\/all-pets.de\/shop\/wp-json\/wp\/v2\/comments?post=46980"}],"wp:featuredmedia":[{"embeddable":true,"href":"https:\/\/all-pets.de\/shop\/wp-json\/wp\/v2\/media\/32438"}],"wp:attachment":[{"href":"https:\/\/all-pets.de\/shop\/wp-json\/wp\/v2\/media?parent=46980"}],"wp:term":[{"taxonomy":"product_cat","embeddable":true,"href":"https:\/\/all-pets.de\/shop\/wp-json\/wp\/v2\/product_cat?post=46980"},{"taxonomy":"product_tag","embeddable":true,"href":"https:\/\/all-pets.de\/shop\/wp-json\/wp\/v2\/product_tag?post=46980"}],"curies":[{"name":"wp","href":"https:\/\/api.w.org\/{rel}","templated":true}]}}