{"id":46981,"date":"2023-12-12T10:53:30","date_gmt":"2023-12-12T09:53:30","guid":{"rendered":"https:\/\/pet-shopping.de\/shop\/produkt\/karlie-rody-brain-train-kasten-mit-6-kloetzen\/"},"modified":"2023-12-12T10:53:32","modified_gmt":"2023-12-12T09:53:32","slug":"karlie-rody-brain-train-kasten-mit-6-kloetzen","status":"publish","type":"product","link":"https:\/\/all-pets.de\/shop\/produkt\/karlie-rody-brain-train-kasten-mit-6-kloetzen\/","title":{"rendered":"Karlie Rody Brain Train Kasten mit 6 Kl\u00f6tzen"},"content":{"rendered":"<p>Intelligenzspielzeug f\u00fcr Kleintiere &#8211; Holzk\u00e4stchen mit Seil zum Herausziehen\u00a0 <\/p>\n<p>Ihr Tier lernt auf spielerische Weise sein Futter zu erarbeiten. Gro\u00dfe Duftl\u00f6cher helfen bei der Suche. Besch\u00e4ftigung f\u00fcr jede Jahreszeit!<\/p>\n<p>Einfach die K\u00e4stchen mit Gem\u00fcse, Snacks oder Obst bef\u00fcllen. Bei diesem Spielzeug gibt es 2 M\u00f6glichkeiten: Sie stellen das Spielzeug so auf, dass Ihr Tier das Seil direkt vor sich hat und dann einfach nur ziehen braucht. Sie stellen das Spielzeug so auf, dass Ihr Tier das Seil von oben ziehen kann. <\/p>\n<p>Ma\u00dfe: ca. 37 x 8,5 x 6,5 cm (LxBxH)<\/p>\n","protected":false},"excerpt":{"rendered":"<p>Intelligenzspielzeug f\u00fcr Kleintiere &#8211; Holzk\u00e4stchen mit Seil zum Herausziehen\u00a0 Ihr Tier lernt auf spielerische Weise sein Futter zu erarbeiten. Gro\u00dfe Duftl\u00f6cher helfen bei der Suche. Besch\u00e4ftigung f\u00fcr jede Jahreszeit! Einfach die K\u00e4stchen mit Gem\u00fcse, Snacks oder Obst bef\u00fcllen. Bei diesem Spielzeug gibt es 2 M\u00f6glichkeiten: Sie stellen das Spielzeug so auf, dass Ihr Tier das [&hellip;]<\/p>\n","protected":false},"featured_media":31058,"comment_status":"closed","ping_status":"open","template":"","meta":[],"product_cat":[13745],"product_tag":[],"class_list":{"0":"post-46981","1":"product","2":"type-product","3":"status-publish","4":"has-post-thumbnail","6":"product_cat-spiel-sport","8":"first","9":"instock","10":"taxable","11":"shipping-taxable","12":"purchasable","13":"product-type-simple"},"_links":{"self":[{"href":"https:\/\/all-pets.de\/shop\/wp-json\/wp\/v2\/product\/46981","targetHints":{"allow":["GET"]}}],"collection":[{"href":"https:\/\/all-pets.de\/shop\/wp-json\/wp\/v2\/product"}],"about":[{"href":"https:\/\/all-pets.de\/shop\/wp-json\/wp\/v2\/types\/product"}],"replies":[{"embeddable":true,"href":"https:\/\/all-pets.de\/shop\/wp-json\/wp\/v2\/comments?post=46981"}],"wp:featuredmedia":[{"embeddable":true,"href":"https:\/\/all-pets.de\/shop\/wp-json\/wp\/v2\/media\/31058"}],"wp:attachment":[{"href":"https:\/\/all-pets.de\/shop\/wp-json\/wp\/v2\/media?parent=46981"}],"wp:term":[{"taxonomy":"product_cat","embeddable":true,"href":"https:\/\/all-pets.de\/shop\/wp-json\/wp\/v2\/product_cat?post=46981"},{"taxonomy":"product_tag","embeddable":true,"href":"https:\/\/all-pets.de\/shop\/wp-json\/wp\/v2\/product_tag?post=46981"}],"curies":[{"name":"wp","href":"https:\/\/api.w.org\/{rel}","templated":true}]}}