{"id":46983,"date":"2023-12-12T10:53:30","date_gmt":"2023-12-12T09:53:30","guid":{"rendered":"https:\/\/pet-shopping.de\/shop\/produkt\/karlie-rody-brain-train-board-mit-3-kugeln\/"},"modified":"2023-12-12T10:53:32","modified_gmt":"2023-12-12T09:53:32","slug":"karlie-rody-brain-train-board-mit-3-kugeln","status":"publish","type":"product","link":"https:\/\/all-pets.de\/shop\/produkt\/karlie-rody-brain-train-board-mit-3-kugeln\/","title":{"rendered":"Karlie Rody Brain Train Board mit 3 Kugeln"},"content":{"rendered":"<p>Intelligenzspielzeug f\u00fcr Kleintiere. Holzkugeln mit Futterboard <\/p>\n<p>Ihr Tier lernt auf spielerische Weise sein Futter zu erarbeiten. Besch\u00e4ftigung f\u00fcr jede Jahreszeit!<\/p>\n<p> Einfach Gem\u00fcse, Snacks oder Obst in die Vertiefungen legen. Hier darf mit Nase und Pfote gespielt werden. Bei viel Futter l\u00e4sst sich die Kugel leichter wegstupsen, bei weniger Futter wird es schwerer. <\/p>\n<p>Ma\u00dfe: ca. 30 x 15 x 6 cm (LxBxH)<\/p>\n","protected":false},"excerpt":{"rendered":"<p>Intelligenzspielzeug f\u00fcr Kleintiere. Holzkugeln mit Futterboard Ihr Tier lernt auf spielerische Weise sein Futter zu erarbeiten. Besch\u00e4ftigung f\u00fcr jede Jahreszeit! Einfach Gem\u00fcse, Snacks oder Obst in die Vertiefungen legen. Hier darf mit Nase und Pfote gespielt werden. Bei viel Futter l\u00e4sst sich die Kugel leichter wegstupsen, bei weniger Futter wird es schwerer. Ma\u00dfe: ca. 30 [&hellip;]<\/p>\n","protected":false},"featured_media":31052,"comment_status":"closed","ping_status":"open","template":"","meta":[],"product_cat":[13745],"product_tag":[],"class_list":{"0":"post-46983","1":"product","2":"type-product","3":"status-publish","4":"has-post-thumbnail","6":"product_cat-spiel-sport","8":"first","9":"instock","10":"taxable","11":"shipping-taxable","12":"purchasable","13":"product-type-simple"},"_links":{"self":[{"href":"https:\/\/all-pets.de\/shop\/wp-json\/wp\/v2\/product\/46983","targetHints":{"allow":["GET"]}}],"collection":[{"href":"https:\/\/all-pets.de\/shop\/wp-json\/wp\/v2\/product"}],"about":[{"href":"https:\/\/all-pets.de\/shop\/wp-json\/wp\/v2\/types\/product"}],"replies":[{"embeddable":true,"href":"https:\/\/all-pets.de\/shop\/wp-json\/wp\/v2\/comments?post=46983"}],"wp:featuredmedia":[{"embeddable":true,"href":"https:\/\/all-pets.de\/shop\/wp-json\/wp\/v2\/media\/31052"}],"wp:attachment":[{"href":"https:\/\/all-pets.de\/shop\/wp-json\/wp\/v2\/media?parent=46983"}],"wp:term":[{"taxonomy":"product_cat","embeddable":true,"href":"https:\/\/all-pets.de\/shop\/wp-json\/wp\/v2\/product_cat?post=46983"},{"taxonomy":"product_tag","embeddable":true,"href":"https:\/\/all-pets.de\/shop\/wp-json\/wp\/v2\/product_tag?post=46983"}],"curies":[{"name":"wp","href":"https:\/\/api.w.org\/{rel}","templated":true}]}}