{"id":46986,"date":"2023-12-12T10:53:30","date_gmt":"2023-12-12T09:53:30","guid":{"rendered":"https:\/\/pet-shopping.de\/shop\/produkt\/catit-style-glass-diner-doppelnapfstaender-schwarz\/"},"modified":"2023-12-12T10:53:32","modified_gmt":"2023-12-12T09:53:32","slug":"catit-style-glass-diner-doppelnapfstaender-schwarz","status":"publish","type":"product","link":"https:\/\/all-pets.de\/shop\/produkt\/catit-style-glass-diner-doppelnapfstaender-schwarz\/","title":{"rendered":"CATIT Style Glass Diner Doppelnapfst\u00e4nder &#8211; Schwarz"},"content":{"rendered":"<p>Lassen Sie jede Mahlzeit Ihrer Katze zum Erlebnis werden!<\/p>\n<p>Das moderne Design der neuen Style Glass Diner vom Hersteller Hagen passt zu jeder Zimmereinrichtung. Es handelt sich um zwei formsch\u00f6ne abnehmbare Glasn\u00e4pfe auf einem eleganten Podest aus Kunststoff mit Gummmiring, um ein Verrutschen auf glatten B\u00f6den zu vermeiden. Die nach vorne abgeschr\u00e4gten N\u00e4pfe und das erh\u00f6hte Podest sind ergonomisch geformt f\u00fcr einen einfachen Zugang zu Futter und Wasser. Selbstverst\u00e4ndlich sind die Glasn\u00e4pfe sp\u00fclmaschinenfest. Die N\u00e4pfe eignen sich f\u00fcr Katzen und kleine Hunde.<\/p>\n<p>Fassungsverm\u00f6gen: 2 x ca. 200 ml<br \/> Ma\u00dfe des Podestes: ca. 28 x 13,5 x 5,5 cm (BxTxH)<br \/> Au\u00dfendurchmesser Oberkante der Glasn\u00e4pfe: ca. 12 cm<br \/> H\u00f6he inkl. der N\u00e4pfe: ca. 10 cm an der abgeschr\u00e4gten Seite gemessen \/ ca. 11,5 cm an der nicht abgeschr\u00e4gten Seite gemessen<\/p>\n<p>Farbe: Schwarz<\/p>\n","protected":false},"excerpt":{"rendered":"<p>Lassen Sie jede Mahlzeit Ihrer Katze zum Erlebnis werden! Das moderne Design der neuen Style Glass Diner vom Hersteller Hagen passt zu jeder Zimmereinrichtung. Es handelt sich um zwei formsch\u00f6ne abnehmbare Glasn\u00e4pfe auf einem eleganten Podest aus Kunststoff mit Gummmiring, um ein Verrutschen auf glatten B\u00f6den zu vermeiden. Die nach vorne abgeschr\u00e4gten N\u00e4pfe und das [&hellip;]<\/p>\n","protected":false},"featured_media":23949,"comment_status":"closed","ping_status":"open","template":"","meta":[],"product_cat":[14635],"product_tag":[],"class_list":{"0":"post-46986","1":"product","2":"type-product","3":"status-publish","4":"has-post-thumbnail","6":"product_cat-napfstaender-hundenaepfe-traenken-futter-wassernaepfehundewelt-hundenaepfe-traenken-futter-wassernaepfehundewelt-katzennaepfe-traenken","8":"first","9":"instock","10":"taxable","11":"shipping-taxable","12":"purchasable","13":"product-type-simple"},"_links":{"self":[{"href":"https:\/\/all-pets.de\/shop\/wp-json\/wp\/v2\/product\/46986","targetHints":{"allow":["GET"]}}],"collection":[{"href":"https:\/\/all-pets.de\/shop\/wp-json\/wp\/v2\/product"}],"about":[{"href":"https:\/\/all-pets.de\/shop\/wp-json\/wp\/v2\/types\/product"}],"replies":[{"embeddable":true,"href":"https:\/\/all-pets.de\/shop\/wp-json\/wp\/v2\/comments?post=46986"}],"wp:featuredmedia":[{"embeddable":true,"href":"https:\/\/all-pets.de\/shop\/wp-json\/wp\/v2\/media\/23949"}],"wp:attachment":[{"href":"https:\/\/all-pets.de\/shop\/wp-json\/wp\/v2\/media?parent=46986"}],"wp:term":[{"taxonomy":"product_cat","embeddable":true,"href":"https:\/\/all-pets.de\/shop\/wp-json\/wp\/v2\/product_cat?post=46986"},{"taxonomy":"product_tag","embeddable":true,"href":"https:\/\/all-pets.de\/shop\/wp-json\/wp\/v2\/product_tag?post=46986"}],"curies":[{"name":"wp","href":"https:\/\/api.w.org\/{rel}","templated":true}]}}