{"id":46987,"date":"2023-12-12T10:53:30","date_gmt":"2023-12-12T09:53:30","guid":{"rendered":"https:\/\/pet-shopping.de\/shop\/produkt\/europet-kuschelbett-fleur-50-cm\/"},"modified":"2023-12-12T10:53:33","modified_gmt":"2023-12-12T09:53:33","slug":"europet-kuschelbett-fleur-50-cm","status":"publish","type":"product","link":"https:\/\/all-pets.de\/shop\/produkt\/europet-kuschelbett-fleur-50-cm\/","title":{"rendered":"Europet Kuschelbett Fleur &#8211; 50 cm"},"content":{"rendered":"<p>H\u00fcbsches Kuschelbett in tollem Design aus Canvas-Stoff mit Blumendruck in Samtoptik. Darin f\u00fchlen sich sowohl Katzen, als auch kleine Hunde pudelwohl!<\/p>\n<p>Au\u00dfen- sowie Innenmaterial besteht aus 100% Polyester, das Bett l\u00e4sst sich bei 30\u00b0C per Handw\u00e4sche reinigen.<\/p>\n<p>Au\u00dfendurchmesser: ca. 50 cm<br \/> Durchmesser Liegefl\u00e4che: ca. 33 cm<br \/> Farbe: Beige mit schwarzem Blumendruck<\/p>\n","protected":false},"excerpt":{"rendered":"<p>H\u00fcbsches Kuschelbett in tollem Design aus Canvas-Stoff mit Blumendruck in Samtoptik. Darin f\u00fchlen sich sowohl Katzen, als auch kleine Hunde pudelwohl! Au\u00dfen- sowie Innenmaterial besteht aus 100% Polyester, das Bett l\u00e4sst sich bei 30\u00b0C per Handw\u00e4sche reinigen. Au\u00dfendurchmesser: ca. 50 cm Durchmesser Liegefl\u00e4che: ca. 33 cm Farbe: Beige mit schwarzem Blumendruck<\/p>\n","protected":false},"featured_media":20117,"comment_status":"closed","ping_status":"open","template":"","meta":[],"product_cat":[14636],"product_tag":[],"class_list":{"0":"post-46987","1":"product","2":"type-product","3":"status-publish","4":"has-post-thumbnail","6":"product_cat-betten-sofas-katzenbetten-katzenkoerbe-hundebetten-hundekissenkatzenwelt","8":"first","9":"instock","10":"taxable","11":"shipping-taxable","12":"purchasable","13":"product-type-simple"},"_links":{"self":[{"href":"https:\/\/all-pets.de\/shop\/wp-json\/wp\/v2\/product\/46987","targetHints":{"allow":["GET"]}}],"collection":[{"href":"https:\/\/all-pets.de\/shop\/wp-json\/wp\/v2\/product"}],"about":[{"href":"https:\/\/all-pets.de\/shop\/wp-json\/wp\/v2\/types\/product"}],"replies":[{"embeddable":true,"href":"https:\/\/all-pets.de\/shop\/wp-json\/wp\/v2\/comments?post=46987"}],"wp:featuredmedia":[{"embeddable":true,"href":"https:\/\/all-pets.de\/shop\/wp-json\/wp\/v2\/media\/20117"}],"wp:attachment":[{"href":"https:\/\/all-pets.de\/shop\/wp-json\/wp\/v2\/media?parent=46987"}],"wp:term":[{"taxonomy":"product_cat","embeddable":true,"href":"https:\/\/all-pets.de\/shop\/wp-json\/wp\/v2\/product_cat?post=46987"},{"taxonomy":"product_tag","embeddable":true,"href":"https:\/\/all-pets.de\/shop\/wp-json\/wp\/v2\/product_tag?post=46987"}],"curies":[{"name":"wp","href":"https:\/\/api.w.org\/{rel}","templated":true}]}}