{"id":46991,"date":"2023-12-12T10:53:30","date_gmt":"2023-12-12T09:53:30","guid":{"rendered":"https:\/\/pet-shopping.de\/shop\/produkt\/jr-farm-maeuse-schmaus-600g\/"},"modified":"2023-12-12T10:53:33","modified_gmt":"2023-12-12T09:53:33","slug":"jr-farm-maeuse-schmaus-600g","status":"publish","type":"product","link":"https:\/\/all-pets.de\/shop\/produkt\/jr-farm-maeuse-schmaus-600g\/","title":{"rendered":"JR Farm M\u00e4use-Schmaus 600g"},"content":{"rendered":"<div>M\u00e4use-Schmaus ist eine nat\u00fcrliche und artgerechte Alleinfuttermischung f\u00fcr alle M\u00e4use. Die vielf\u00e4ltige Rezeptur mit wilden Saaten und mit viel tierischem Protein wurde speziell f\u00fcr M\u00e4use entwickelt und wird restlos gefressen. Mit viel Gem\u00fcse, Vitaminen und<\/div>\n<div>Mineralstoffen f\u00fcr ein vitales Leben!<\/div>\n<div>\u00a0<\/div>\n<div>F\u00fctterungsempfehlung:<\/div>\n<div>Futternapf erst auff\u00fcllen, wenn fast restlos leer. Bitte t\u00e4glich maximal soviel Futter verabreichen, wie in 24 Stunden komplett gefressen wird.<\/div>\n<div>\u00a0<\/div>\n<div>Zusammensetzung:<\/div>\n<div>extrudiertes Maismehl, gelbe Hirse, rote Hirse 10%, Weizen, Maisflocken, Weizenflocken, Kanariensaat, gepoppter Weizen, Dari, Karotten, Milo, Buchweizen, Hafer-Ecken (Hafermehl (50%) Weizenmehl, Mais, Maiskleber, Weizenkleie, Natriumchlorid, Gerstenmalz), Mais, Johannisbrot, Pfefferminze, Hafer, Shrimps 1%, Mungbohnen<\/div>\n<div>\u00a0<\/div>\n<div>Zusatzstoffe:<\/div>\n<div>Ern\u00e4hrungsphysiologische Zusatzstoffe: Vitamin A (als A-Palmitat) 10.000 i.E., Vitamin D3 (als Colecalciferol) 1.000 i.E., Vitamin E (als all rac-alpha-Tocopherylacetat) 40 mg<\/div>\n<div>\u00a0<\/div>\n<div>Analytische Bestandteile:<\/div>\n<div>Protein 12,5%, Fettgehalt 3,1%, Rohfaser 6,3%, Rohasche 3,4%<\/div>\n<div>\u00a0<\/div>\n<div>600 g<\/div>\n","protected":false},"excerpt":{"rendered":"<p>M\u00e4use-Schmaus ist eine nat\u00fcrliche und artgerechte Alleinfuttermischung f\u00fcr alle M\u00e4use. Die vielf\u00e4ltige Rezeptur mit wilden Saaten und mit viel tierischem Protein wurde speziell f\u00fcr M\u00e4use entwickelt und wird restlos gefressen. Mit viel Gem\u00fcse, Vitaminen und Mineralstoffen f\u00fcr ein vitales Leben! \u00a0 F\u00fctterungsempfehlung: Futternapf erst auff\u00fcllen, wenn fast restlos leer. Bitte t\u00e4glich maximal soviel Futter verabreichen, [&hellip;]<\/p>\n","protected":false},"featured_media":5483,"comment_status":"closed","ping_status":"open","template":"","meta":[],"product_cat":[13683],"product_tag":[],"class_list":{"0":"post-46991","1":"product","2":"type-product","3":"status-publish","4":"has-post-thumbnail","6":"product_cat-jr-farm","8":"first","9":"instock","10":"taxable","11":"shipping-taxable","12":"purchasable","13":"product-type-simple"},"_links":{"self":[{"href":"https:\/\/all-pets.de\/shop\/wp-json\/wp\/v2\/product\/46991","targetHints":{"allow":["GET"]}}],"collection":[{"href":"https:\/\/all-pets.de\/shop\/wp-json\/wp\/v2\/product"}],"about":[{"href":"https:\/\/all-pets.de\/shop\/wp-json\/wp\/v2\/types\/product"}],"replies":[{"embeddable":true,"href":"https:\/\/all-pets.de\/shop\/wp-json\/wp\/v2\/comments?post=46991"}],"wp:featuredmedia":[{"embeddable":true,"href":"https:\/\/all-pets.de\/shop\/wp-json\/wp\/v2\/media\/5483"}],"wp:attachment":[{"href":"https:\/\/all-pets.de\/shop\/wp-json\/wp\/v2\/media?parent=46991"}],"wp:term":[{"taxonomy":"product_cat","embeddable":true,"href":"https:\/\/all-pets.de\/shop\/wp-json\/wp\/v2\/product_cat?post=46991"},{"taxonomy":"product_tag","embeddable":true,"href":"https:\/\/all-pets.de\/shop\/wp-json\/wp\/v2\/product_tag?post=46991"}],"curies":[{"name":"wp","href":"https:\/\/api.w.org\/{rel}","templated":true}]}}