{"id":46992,"date":"2023-12-12T10:53:30","date_gmt":"2023-12-12T09:53:30","guid":{"rendered":"https:\/\/pet-shopping.de\/shop\/produkt\/karlie-flamingo-action-ball-tennisball-15-cm\/"},"modified":"2023-12-12T10:53:33","modified_gmt":"2023-12-12T09:53:33","slug":"karlie-flamingo-action-ball-tennisball-15-cm","status":"publish","type":"product","link":"https:\/\/all-pets.de\/shop\/produkt\/karlie-flamingo-action-ball-tennisball-15-cm\/","title":{"rendered":"Karlie Flamingo ACTION BALL Tennisball &#8211; 15 cm"},"content":{"rendered":"<p>Der ACTION BALL wird von Hundetrainern empfohlen. Er verbindet Mensch und Tier spielerisch \u00fcber Stunden im gemeinsamen Spiel und Spa\u00df. Die besonders artgerechte Konstruktion erm\u00f6glicht jedem Hund ein festes und sicheres Zupacken. Auch der mitspielende Hunde-Besitzer kann den Ball so jeder Zeit schnell greifen. <\/p>\n<p>Durchmesser: ca. 15 cm<\/p>\n","protected":false},"excerpt":{"rendered":"<p>Der ACTION BALL wird von Hundetrainern empfohlen. Er verbindet Mensch und Tier spielerisch \u00fcber Stunden im gemeinsamen Spiel und Spa\u00df. Die besonders artgerechte Konstruktion erm\u00f6glicht jedem Hund ein festes und sicheres Zupacken. Auch der mitspielende Hunde-Besitzer kann den Ball so jeder Zeit schnell greifen. Durchmesser: ca. 15 cm<\/p>\n","protected":false},"featured_media":5153,"comment_status":"closed","ping_status":"open","template":"","meta":[],"product_cat":[13769],"product_tag":[],"class_list":{"0":"post-46992","1":"product","2":"type-product","3":"status-publish","4":"has-post-thumbnail","6":"product_cat-hundebaelle","8":"first","9":"instock","10":"taxable","11":"shipping-taxable","12":"purchasable","13":"product-type-simple"},"_links":{"self":[{"href":"https:\/\/all-pets.de\/shop\/wp-json\/wp\/v2\/product\/46992","targetHints":{"allow":["GET"]}}],"collection":[{"href":"https:\/\/all-pets.de\/shop\/wp-json\/wp\/v2\/product"}],"about":[{"href":"https:\/\/all-pets.de\/shop\/wp-json\/wp\/v2\/types\/product"}],"replies":[{"embeddable":true,"href":"https:\/\/all-pets.de\/shop\/wp-json\/wp\/v2\/comments?post=46992"}],"wp:featuredmedia":[{"embeddable":true,"href":"https:\/\/all-pets.de\/shop\/wp-json\/wp\/v2\/media\/5153"}],"wp:attachment":[{"href":"https:\/\/all-pets.de\/shop\/wp-json\/wp\/v2\/media?parent=46992"}],"wp:term":[{"taxonomy":"product_cat","embeddable":true,"href":"https:\/\/all-pets.de\/shop\/wp-json\/wp\/v2\/product_cat?post=46992"},{"taxonomy":"product_tag","embeddable":true,"href":"https:\/\/all-pets.de\/shop\/wp-json\/wp\/v2\/product_tag?post=46992"}],"curies":[{"name":"wp","href":"https:\/\/api.w.org\/{rel}","templated":true}]}}