{"id":46993,"date":"2023-12-12T10:53:35","date_gmt":"2023-12-12T09:53:35","guid":{"rendered":"https:\/\/pet-shopping.de\/shop\/produkt\/catit-le-salon-essentials-haarwechsel-trimmer\/"},"modified":"2023-12-12T10:53:35","modified_gmt":"2023-12-12T09:53:35","slug":"catit-le-salon-essentials-haarwechsel-trimmer","status":"publish","type":"product","link":"https:\/\/all-pets.de\/shop\/produkt\/catit-le-salon-essentials-haarwechsel-trimmer\/","title":{"rendered":"CATIT Le Salon Essentials Haarwechsel-Trimmer"},"content":{"rendered":"<p>Die hochwertige Pflegeserie der Firma Hagen verspricht Qualit\u00e4t, Funktionalit\u00e4t und ein einfaches und sicheres Handling.<\/p>\n<p>Der Haarwechsel-Trimmer ist speziell f\u00fcr die Zeit des Haarwechsels geeignet. Er l\u00f6st dickes Unterfellhaar, entfernt Verfilzungen und reduziert den Haarverlust bei Ihrer Katze. Der Haarwechsel-Trimmer eignet sich f\u00fcr langhaarige Rassen mit Doppelfell.<\/p>\n<p>Gr\u00f6\u00dfe: ca. 15 cm<br \/> Breite: ca. 5,5 cm<\/p>\n","protected":false},"excerpt":{"rendered":"<p>Die hochwertige Pflegeserie der Firma Hagen verspricht Qualit\u00e4t, Funktionalit\u00e4t und ein einfaches und sicheres Handling. Der Haarwechsel-Trimmer ist speziell f\u00fcr die Zeit des Haarwechsels geeignet. Er l\u00f6st dickes Unterfellhaar, entfernt Verfilzungen und reduziert den Haarverlust bei Ihrer Katze. Der Haarwechsel-Trimmer eignet sich f\u00fcr langhaarige Rassen mit Doppelfell. Gr\u00f6\u00dfe: ca. 15 cm Breite: ca. 5,5 cm<\/p>\n","protected":false},"featured_media":35776,"comment_status":"closed","ping_status":"open","template":"","meta":[],"product_cat":[14640],"product_tag":[],"class_list":{"0":"post-46993","1":"product","2":"type-product","3":"status-publish","4":"has-post-thumbnail","6":"product_cat-katzenbuersten-striegel-fellpflege-pflege-gesundheit-trimmer-scherenkatzenwelt-fellpflege-pflege-gesundheit-katzenwelt","8":"first","9":"instock","10":"taxable","11":"shipping-taxable","12":"purchasable","13":"product-type-simple"},"_links":{"self":[{"href":"https:\/\/all-pets.de\/shop\/wp-json\/wp\/v2\/product\/46993","targetHints":{"allow":["GET"]}}],"collection":[{"href":"https:\/\/all-pets.de\/shop\/wp-json\/wp\/v2\/product"}],"about":[{"href":"https:\/\/all-pets.de\/shop\/wp-json\/wp\/v2\/types\/product"}],"replies":[{"embeddable":true,"href":"https:\/\/all-pets.de\/shop\/wp-json\/wp\/v2\/comments?post=46993"}],"wp:featuredmedia":[{"embeddable":true,"href":"https:\/\/all-pets.de\/shop\/wp-json\/wp\/v2\/media\/35776"}],"wp:attachment":[{"href":"https:\/\/all-pets.de\/shop\/wp-json\/wp\/v2\/media?parent=46993"}],"wp:term":[{"taxonomy":"product_cat","embeddable":true,"href":"https:\/\/all-pets.de\/shop\/wp-json\/wp\/v2\/product_cat?post=46993"},{"taxonomy":"product_tag","embeddable":true,"href":"https:\/\/all-pets.de\/shop\/wp-json\/wp\/v2\/product_tag?post=46993"}],"curies":[{"name":"wp","href":"https:\/\/api.w.org\/{rel}","templated":true}]}}