{"id":46998,"date":"2023-12-12T10:53:35","date_gmt":"2023-12-12T09:53:35","guid":{"rendered":"https:\/\/pet-shopping.de\/shop\/produkt\/trixie-soft-snack-bouncies-gefluegel-lamm-und-pansen-140g\/"},"modified":"2023-12-12T10:53:35","modified_gmt":"2023-12-12T09:53:35","slug":"trixie-soft-snack-bouncies-gefluegel-lamm-und-pansen-140g","status":"publish","type":"product","link":"https:\/\/all-pets.de\/shop\/produkt\/trixie-soft-snack-bouncies-gefluegel-lamm-und-pansen-140g\/","title":{"rendered":"Trixie Soft Snack Bouncies Gefl\u00fcgel, Lamm und Pansen &#8211; 140g"},"content":{"rendered":"<p>Erg\u00e4nzungsfuttermittel f\u00fcr Hunde<\/p>\n<p>Die Bouncies mit Gefl\u00fcgel, Lamm und Pansen eignen sich wegen ihrer kleinen Gr\u00f6\u00dfe besonders gut f\u00fcr kleine Hunde und Welpen. Sie sind ohne Zuckerzusatz und befinden sich einer praktischen Kunststoffbox. Der Deckel der kleinen Box l\u00e4sst sich einfach zum Teil aufklappen, so dass eine ideale \u00d6ffnung zum Heraussch\u00fctten der Leckerchen entsteht. Gleichzeitig sind die Leckereien sicher und trocken aufbewahrt und werden in der Box besonders lange frisch gehalten.<\/p>\n<p>Inhalt: 140 g<\/p>\n<p>Zusammensetzung: Getreide, Fleisch und tierische Nebenerzeugnisse (4% Gefl\u00fcgel, 4% Lamm, 4% Pansen), pflanzliche Nebenerzeugnisse, \u00d6le und Fette.<\/p>\n<p>Analytische Bestandteile: Protein 20%  Fettgehalt 6%  Rohasche 3%  Rohfaser 3%  Feuchtegehalt 18%.<\/p>\n<p>Technologische Zusatzstoffe: Konservierungsmittel<br \/> Sensorische Zusatzstoffe: Farbstoff<\/p>\n","protected":false},"excerpt":{"rendered":"<p>Erg\u00e4nzungsfuttermittel f\u00fcr Hunde Die Bouncies mit Gefl\u00fcgel, Lamm und Pansen eignen sich wegen ihrer kleinen Gr\u00f6\u00dfe besonders gut f\u00fcr kleine Hunde und Welpen. Sie sind ohne Zuckerzusatz und befinden sich einer praktischen Kunststoffbox. Der Deckel der kleinen Box l\u00e4sst sich einfach zum Teil aufklappen, so dass eine ideale \u00d6ffnung zum Heraussch\u00fctten der Leckerchen entsteht. Gleichzeitig [&hellip;]<\/p>\n","protected":false},"featured_media":33785,"comment_status":"closed","ping_status":"open","template":"","meta":[],"product_cat":[13809],"product_tag":[],"class_list":{"0":"post-46998","1":"product","2":"type-product","3":"status-publish","4":"has-post-thumbnail","6":"product_cat-trixie","8":"first","9":"instock","10":"taxable","11":"shipping-taxable","12":"purchasable","13":"product-type-simple"},"_links":{"self":[{"href":"https:\/\/all-pets.de\/shop\/wp-json\/wp\/v2\/product\/46998","targetHints":{"allow":["GET"]}}],"collection":[{"href":"https:\/\/all-pets.de\/shop\/wp-json\/wp\/v2\/product"}],"about":[{"href":"https:\/\/all-pets.de\/shop\/wp-json\/wp\/v2\/types\/product"}],"replies":[{"embeddable":true,"href":"https:\/\/all-pets.de\/shop\/wp-json\/wp\/v2\/comments?post=46998"}],"wp:featuredmedia":[{"embeddable":true,"href":"https:\/\/all-pets.de\/shop\/wp-json\/wp\/v2\/media\/33785"}],"wp:attachment":[{"href":"https:\/\/all-pets.de\/shop\/wp-json\/wp\/v2\/media?parent=46998"}],"wp:term":[{"taxonomy":"product_cat","embeddable":true,"href":"https:\/\/all-pets.de\/shop\/wp-json\/wp\/v2\/product_cat?post=46998"},{"taxonomy":"product_tag","embeddable":true,"href":"https:\/\/all-pets.de\/shop\/wp-json\/wp\/v2\/product_tag?post=46998"}],"curies":[{"name":"wp","href":"https:\/\/api.w.org\/{rel}","templated":true}]}}