{"id":46999,"date":"2023-12-12T10:53:35","date_gmt":"2023-12-12T09:53:35","guid":{"rendered":"https:\/\/pet-shopping.de\/shop\/produkt\/trixie-flash-schnappband-fuer-hundefuehrer\/"},"modified":"2023-12-12T10:53:35","modified_gmt":"2023-12-12T09:53:35","slug":"trixie-flash-schnappband-fuer-hundefuehrer","status":"publish","type":"product","link":"https:\/\/all-pets.de\/shop\/produkt\/trixie-flash-schnappband-fuer-hundefuehrer\/","title":{"rendered":"Trixie Flash Schnappband f\u00fcr Hundef\u00fchrer"},"content":{"rendered":"<p>In der dunklen Jahreszeit ist es wichtig, dass Hunde, aber auch Menschen gut f\u00fcr Verkehrsteilnehmer sichtbar sind. <\/p>\n<p>Das Schnappband rollt sich durch eine Metallfeder im Inneren ein und passt sich so optimal z.B. am Arm an. Das Band aus strapazierf\u00e4higem Nylon besitzt eine Blink- und eine Dauerlichtfunktion und ist zus\u00e4tzlich reflektierend. Die Sichtweite des Lichtes betr\u00e4gt bis zu 500 m. Es ist au\u00dferdem spritzwassergesch\u00fctzt und wird inklusive Batterien f\u00fcr ca. 100 Stunden Blinklicht bzw. ca. 50 Stunden Dauerlicht geliefert. <\/p>\n<p>Farbe: Rot<br \/> Ma\u00dfe: ca. 35 x 4 cm (L\u00e4nge x Breite)<\/p>\n","protected":false},"excerpt":{"rendered":"<p>In der dunklen Jahreszeit ist es wichtig, dass Hunde, aber auch Menschen gut f\u00fcr Verkehrsteilnehmer sichtbar sind. Das Schnappband rollt sich durch eine Metallfeder im Inneren ein und passt sich so optimal z.B. am Arm an. Das Band aus strapazierf\u00e4higem Nylon besitzt eine Blink- und eine Dauerlichtfunktion und ist zus\u00e4tzlich reflektierend. Die Sichtweite des Lichtes [&hellip;]<\/p>\n","protected":false},"featured_media":33782,"comment_status":"closed","ping_status":"open","template":"","meta":[],"product_cat":[14642],"product_tag":[],"class_list":{"0":"post-46999","1":"product","2":"type-product","3":"status-publish","4":"has-post-thumbnail","6":"product_cat-sicherheit-unterwegs-hundeadressanhaenger-blinkerhundewelt-halsbaender-leinen-reflektierendhundewelt-halsbaender-leinen","8":"first","9":"instock","10":"taxable","11":"shipping-taxable","12":"purchasable","13":"product-type-simple"},"_links":{"self":[{"href":"https:\/\/all-pets.de\/shop\/wp-json\/wp\/v2\/product\/46999","targetHints":{"allow":["GET"]}}],"collection":[{"href":"https:\/\/all-pets.de\/shop\/wp-json\/wp\/v2\/product"}],"about":[{"href":"https:\/\/all-pets.de\/shop\/wp-json\/wp\/v2\/types\/product"}],"replies":[{"embeddable":true,"href":"https:\/\/all-pets.de\/shop\/wp-json\/wp\/v2\/comments?post=46999"}],"wp:featuredmedia":[{"embeddable":true,"href":"https:\/\/all-pets.de\/shop\/wp-json\/wp\/v2\/media\/33782"}],"wp:attachment":[{"href":"https:\/\/all-pets.de\/shop\/wp-json\/wp\/v2\/media?parent=46999"}],"wp:term":[{"taxonomy":"product_cat","embeddable":true,"href":"https:\/\/all-pets.de\/shop\/wp-json\/wp\/v2\/product_cat?post=46999"},{"taxonomy":"product_tag","embeddable":true,"href":"https:\/\/all-pets.de\/shop\/wp-json\/wp\/v2\/product_tag?post=46999"}],"curies":[{"name":"wp","href":"https:\/\/api.w.org\/{rel}","templated":true}]}}