{"id":47002,"date":"2023-12-12T10:53:35","date_gmt":"2023-12-12T09:53:35","guid":{"rendered":"https:\/\/pet-shopping.de\/shop\/produkt\/catit-smartsift-folie-fuer-bodenteil-der-toilette-12-stueck\/"},"modified":"2023-12-12T10:53:45","modified_gmt":"2023-12-12T09:53:45","slug":"catit-smartsift-folie-fuer-bodenteil-der-toilette-12-stueck","status":"publish","type":"product","link":"https:\/\/all-pets.de\/shop\/produkt\/catit-smartsift-folie-fuer-bodenteil-der-toilette-12-stueck\/","title":{"rendered":"CATIT SmartSift Folie f\u00fcr Bodenteil der Toilette &#8211; 12 St\u00fcck"},"content":{"rendered":"<p>Biologisch abbaubare Ersatzfolien f\u00fcr die Bodenwanne der Catit Katzentoilette SmartSift.<\/p>\n<p>Die passgenaue SmartSift Folie sch\u00fctzt das Bodenteil der Katzentoilette und verhindert, dass Abfallklumpen an der Toilette kleben bleiben. <\/p>\n<p>&#8211; f\u00fcr eine einfache und schnelle Reinigung<br \/> &#8211; biologisch abbaubar &#8211; umweltfreundlich: der Beutel zersetzt sich im M\u00fcll oder auf dem Kompost<br \/> &#8211; erneuern Sie die Folie je nach Bedarf<\/p>\n<p>Ma\u00dfe der Folie: ca. 47 x 39 x 25 cm (LxBxH)<\/p>\n","protected":false},"excerpt":{"rendered":"<p>Biologisch abbaubare Ersatzfolien f\u00fcr die Bodenwanne der Catit Katzentoilette SmartSift. Die passgenaue SmartSift Folie sch\u00fctzt das Bodenteil der Katzentoilette und verhindert, dass Abfallklumpen an der Toilette kleben bleiben. &#8211; f\u00fcr eine einfache und schnelle Reinigung &#8211; biologisch abbaubar &#8211; umweltfreundlich: der Beutel zersetzt sich im M\u00fcll oder auf dem Kompost &#8211; erneuern Sie die Folie [&hellip;]<\/p>\n","protected":false},"featured_media":47003,"comment_status":"closed","ping_status":"open","template":"","meta":[],"product_cat":[14643],"product_tag":[],"class_list":{"0":"post-47002","1":"product","2":"type-product","3":"status-publish","4":"has-post-thumbnail","6":"product_cat-toiletten-zubehoer-toiletten-katzenstreu-katzentoilettenkatzenwelt","8":"first","9":"instock","10":"taxable","11":"shipping-taxable","12":"purchasable","13":"product-type-simple"},"_links":{"self":[{"href":"https:\/\/all-pets.de\/shop\/wp-json\/wp\/v2\/product\/47002","targetHints":{"allow":["GET"]}}],"collection":[{"href":"https:\/\/all-pets.de\/shop\/wp-json\/wp\/v2\/product"}],"about":[{"href":"https:\/\/all-pets.de\/shop\/wp-json\/wp\/v2\/types\/product"}],"replies":[{"embeddable":true,"href":"https:\/\/all-pets.de\/shop\/wp-json\/wp\/v2\/comments?post=47002"}],"wp:featuredmedia":[{"embeddable":true,"href":"https:\/\/all-pets.de\/shop\/wp-json\/wp\/v2\/media\/47003"}],"wp:attachment":[{"href":"https:\/\/all-pets.de\/shop\/wp-json\/wp\/v2\/media?parent=47002"}],"wp:term":[{"taxonomy":"product_cat","embeddable":true,"href":"https:\/\/all-pets.de\/shop\/wp-json\/wp\/v2\/product_cat?post=47002"},{"taxonomy":"product_tag","embeddable":true,"href":"https:\/\/all-pets.de\/shop\/wp-json\/wp\/v2\/product_tag?post=47002"}],"curies":[{"name":"wp","href":"https:\/\/api.w.org\/{rel}","templated":true}]}}