{"id":47005,"date":"2023-12-12T10:53:35","date_gmt":"2023-12-12T09:53:35","guid":{"rendered":"https:\/\/pet-shopping.de\/shop\/produkt\/trixie-baldriankissen-fuer-katzen-7-x-9-cm\/"},"modified":"2023-12-12T10:53:45","modified_gmt":"2023-12-12T09:53:45","slug":"trixie-baldriankissen-fuer-katzen-7-x-9-cm","status":"publish","type":"product","link":"https:\/\/all-pets.de\/shop\/produkt\/trixie-baldriankissen-fuer-katzen-7-x-9-cm\/","title":{"rendered":"Trixie Baldriankissen f\u00fcr Katzen, 7 x 9 cm"},"content":{"rendered":"<p>\u00a0Katzen lieben Baldrian.<\/p>\n<ul>\n<li>Baumwolle<\/li>\n<li>spielanregend <\/li>\n<\/ul>\n<p>Gr\u00f6\u00dfe ca. 7 x 9 cm<\/p>\n<p>Diverse Farben verf\u00fcgbar, eine Farbauswahl ist leider nicht m\u00f6glich. <\/p>\n","protected":false},"excerpt":{"rendered":"<p>\u00a0Katzen lieben Baldrian. Baumwolle spielanregend Gr\u00f6\u00dfe ca. 7 x 9 cm Diverse Farben verf\u00fcgbar, eine Farbauswahl ist leider nicht m\u00f6glich.<\/p>\n","protected":false},"featured_media":32704,"comment_status":"closed","ping_status":"open","template":"","meta":[],"product_cat":[14644],"product_tag":[],"class_list":{"0":"post-47005","1":"product","2":"type-product","3":"status-publish","4":"has-post-thumbnail","6":"product_cat-catnip-baldrian-spielzeug-katzenspielzeug-weitere-spielzeugekatzenwelt","8":"first","9":"instock","10":"taxable","11":"shipping-taxable","12":"purchasable","13":"product-type-simple"},"_links":{"self":[{"href":"https:\/\/all-pets.de\/shop\/wp-json\/wp\/v2\/product\/47005","targetHints":{"allow":["GET"]}}],"collection":[{"href":"https:\/\/all-pets.de\/shop\/wp-json\/wp\/v2\/product"}],"about":[{"href":"https:\/\/all-pets.de\/shop\/wp-json\/wp\/v2\/types\/product"}],"replies":[{"embeddable":true,"href":"https:\/\/all-pets.de\/shop\/wp-json\/wp\/v2\/comments?post=47005"}],"wp:featuredmedia":[{"embeddable":true,"href":"https:\/\/all-pets.de\/shop\/wp-json\/wp\/v2\/media\/32704"}],"wp:attachment":[{"href":"https:\/\/all-pets.de\/shop\/wp-json\/wp\/v2\/media?parent=47005"}],"wp:term":[{"taxonomy":"product_cat","embeddable":true,"href":"https:\/\/all-pets.de\/shop\/wp-json\/wp\/v2\/product_cat?post=47005"},{"taxonomy":"product_tag","embeddable":true,"href":"https:\/\/all-pets.de\/shop\/wp-json\/wp\/v2\/product_tag?post=47005"}],"curies":[{"name":"wp","href":"https:\/\/api.w.org\/{rel}","templated":true}]}}